{"id":15169,"date":"2026-05-07T14:03:06","date_gmt":"2026-05-07T12:03:06","guid":{"rendered":"https:\/\/esentialaroms.com\/productos\/gel-corporal-bano-y-ducha-de-argan-2\/"},"modified":"2026-05-07T14:23:25","modified_gmt":"2026-05-07T12:23:25","slug":"gel-corporal-bano-y-ducha-de-argan-2","status":"publish","type":"product","link":"https:\/\/esentialaroms.com\/fr\/productos\/gel-corporal-bano-y-ducha-de-argan-2\/","title":{"rendered":"GEL CORPOREL BAIN ET DOUCHE Argan"},"content":{"rendered":"","protected":false},"excerpt":{"rendered":"<div>Hydrate et nourrit la peau en profondeur. L\u2019argan, associ\u00e9 aux propri\u00e9t\u00e9s du jus d\u2019alo\u00e8s et du pamplemousse, offre une action r\u00e9g\u00e9n\u00e9ratrice, nutritive et tr\u00e8s hydratante. Avec des ingr\u00e9dients biologiques. &nbsp;<\/div>\n","protected":false},"featured_media":15170,"comment_status":"open","ping_status":"closed","template":"","meta":{"_acf_changed":false,"rs_blank_template":"","rs_page_bg_color":"","slide_template_v7":""},"product_brand":[],"product_cat":[325,322],"product_tag":[],"class_list":{"0":"post-15169","1":"product","2":"type-product","3":"status-publish","4":"has-post-thumbnail","6":"product_cat-argan","7":"product_cat-familles","9":"first","10":"instock","11":"shipping-taxable","12":"purchasable","13":"product-type-simple"},"acf":[],"_links":{"self":[{"href":"https:\/\/esentialaroms.com\/fr\/wp-json\/wp\/v2\/product\/15169","targetHints":{"allow":["GET"]}}],"collection":[{"href":"https:\/\/esentialaroms.com\/fr\/wp-json\/wp\/v2\/product"}],"about":[{"href":"https:\/\/esentialaroms.com\/fr\/wp-json\/wp\/v2\/types\/product"}],"replies":[{"embeddable":true,"href":"https:\/\/esentialaroms.com\/fr\/wp-json\/wp\/v2\/comments?post=15169"}],"version-history":[{"count":1,"href":"https:\/\/esentialaroms.com\/fr\/wp-json\/wp\/v2\/product\/15169\/revisions"}],"predecessor-version":[{"id":15171,"href":"https:\/\/esentialaroms.com\/fr\/wp-json\/wp\/v2\/product\/15169\/revisions\/15171"}],"wp:featuredmedia":[{"embeddable":true,"href":"https:\/\/esentialaroms.com\/fr\/wp-json\/wp\/v2\/media\/15170"}],"wp:attachment":[{"href":"https:\/\/esentialaroms.com\/fr\/wp-json\/wp\/v2\/media?parent=15169"}],"wp:term":[{"taxonomy":"product_brand","embeddable":true,"href":"https:\/\/esentialaroms.com\/fr\/wp-json\/wp\/v2\/product_brand?post=15169"},{"taxonomy":"product_cat","embeddable":true,"href":"https:\/\/esentialaroms.com\/fr\/wp-json\/wp\/v2\/product_cat?post=15169"},{"taxonomy":"product_tag","embeddable":true,"href":"https:\/\/esentialaroms.com\/fr\/wp-json\/wp\/v2\/product_tag?post=15169"}],"curies":[{"name":"wp","href":"https:\/\/api.w.org\/{rel}","templated":true}]}}