{"id":15158,"date":"2026-05-07T14:03:00","date_gmt":"2026-05-07T12:03:00","guid":{"rendered":"https:\/\/esentialaroms.com\/productos\/champu-de-argan-2\/"},"modified":"2026-05-07T14:23:25","modified_gmt":"2026-05-07T12:23:25","slug":"champu-de-argan-2","status":"publish","type":"product","link":"https:\/\/esentialaroms.com\/fr\/productos\/champu-de-argan-2\/","title":{"rendered":"CHAMP\u00da Arg\u00e1n"},"content":{"rendered":"","protected":false},"excerpt":{"rendered":"<div>Shampooing hydratant et r\u00e9gulateur de s\u00e9bum pour tous types de cheveux. Avec des ingr\u00e9dients biologiques. &nbsp;<\/div>\n","protected":false},"featured_media":15159,"comment_status":"open","ping_status":"closed","template":"","meta":{"_acf_changed":false,"rs_blank_template":"","rs_page_bg_color":"","slide_template_v7":""},"product_brand":[],"product_cat":[325,340,494,497,322,500],"product_tag":[],"class_list":{"0":"post-15158","1":"product","2":"type-product","3":"status-publish","4":"has-post-thumbnail","6":"product_cat-argan","7":"product_cat-besoins","8":"product_cat-capillaire","9":"product_cat-cheveux-et-cuir-chevelu","10":"product_cat-familles","11":"product_cat-soins-capillaires-pour-enfants","13":"first","14":"instock","15":"shipping-taxable","16":"purchasable","17":"product-type-simple"},"acf":[],"_links":{"self":[{"href":"https:\/\/esentialaroms.com\/fr\/wp-json\/wp\/v2\/product\/15158","targetHints":{"allow":["GET"]}}],"collection":[{"href":"https:\/\/esentialaroms.com\/fr\/wp-json\/wp\/v2\/product"}],"about":[{"href":"https:\/\/esentialaroms.com\/fr\/wp-json\/wp\/v2\/types\/product"}],"replies":[{"embeddable":true,"href":"https:\/\/esentialaroms.com\/fr\/wp-json\/wp\/v2\/comments?post=15158"}],"version-history":[{"count":1,"href":"https:\/\/esentialaroms.com\/fr\/wp-json\/wp\/v2\/product\/15158\/revisions"}],"predecessor-version":[{"id":15160,"href":"https:\/\/esentialaroms.com\/fr\/wp-json\/wp\/v2\/product\/15158\/revisions\/15160"}],"wp:featuredmedia":[{"embeddable":true,"href":"https:\/\/esentialaroms.com\/fr\/wp-json\/wp\/v2\/media\/15159"}],"wp:attachment":[{"href":"https:\/\/esentialaroms.com\/fr\/wp-json\/wp\/v2\/media?parent=15158"}],"wp:term":[{"taxonomy":"product_brand","embeddable":true,"href":"https:\/\/esentialaroms.com\/fr\/wp-json\/wp\/v2\/product_brand?post=15158"},{"taxonomy":"product_cat","embeddable":true,"href":"https:\/\/esentialaroms.com\/fr\/wp-json\/wp\/v2\/product_cat?post=15158"},{"taxonomy":"product_tag","embeddable":true,"href":"https:\/\/esentialaroms.com\/fr\/wp-json\/wp\/v2\/product_tag?post=15158"}],"curies":[{"name":"wp","href":"https:\/\/api.w.org\/{rel}","templated":true}]}}