{"id":15147,"date":"2026-05-07T14:02:56","date_gmt":"2026-05-07T12:02:56","guid":{"rendered":"https:\/\/esentialaroms.com\/productos\/crema-reparadora-capilar-argan-2\/"},"modified":"2026-05-07T14:23:24","modified_gmt":"2026-05-07T12:23:24","slug":"crema-reparadora-capilar-argan-2","status":"publish","type":"product","link":"https:\/\/esentialaroms.com\/fr\/productos\/crema-reparadora-capilar-argan-2\/","title":{"rendered":"CR\u00c8ME R\u00c9PARATRICE CHEVEUX Argan"},"content":{"rendered":"","protected":false},"excerpt":{"rendered":"<div>Cr\u00e8me r\u00e9paratrice cheveux, nutritif. Argan, pomplemousse, rose bulgare. Pour cheveux secs. &nbsp;<\/div>\n","protected":false},"featured_media":15148,"comment_status":"open","ping_status":"closed","template":"","meta":{"_acf_changed":false,"rs_blank_template":"","rs_page_bg_color":"","slide_template_v7":""},"product_brand":[],"product_cat":[325,340,494,497,322,358,355],"product_tag":[],"class_list":{"0":"post-15147","1":"product","2":"type-product","3":"status-publish","4":"has-post-thumbnail","6":"product_cat-argan","7":"product_cat-besoins","8":"product_cat-capillaire","9":"product_cat-cheveux-et-cuir-chevelu","10":"product_cat-familles","11":"product_cat-soins-de-la-peau","12":"product_cat-visage","14":"first","15":"instock","16":"shipping-taxable","17":"purchasable","18":"product-type-simple"},"acf":[],"_links":{"self":[{"href":"https:\/\/esentialaroms.com\/fr\/wp-json\/wp\/v2\/product\/15147","targetHints":{"allow":["GET"]}}],"collection":[{"href":"https:\/\/esentialaroms.com\/fr\/wp-json\/wp\/v2\/product"}],"about":[{"href":"https:\/\/esentialaroms.com\/fr\/wp-json\/wp\/v2\/types\/product"}],"replies":[{"embeddable":true,"href":"https:\/\/esentialaroms.com\/fr\/wp-json\/wp\/v2\/comments?post=15147"}],"version-history":[{"count":1,"href":"https:\/\/esentialaroms.com\/fr\/wp-json\/wp\/v2\/product\/15147\/revisions"}],"predecessor-version":[{"id":15149,"href":"https:\/\/esentialaroms.com\/fr\/wp-json\/wp\/v2\/product\/15147\/revisions\/15149"}],"wp:featuredmedia":[{"embeddable":true,"href":"https:\/\/esentialaroms.com\/fr\/wp-json\/wp\/v2\/media\/15148"}],"wp:attachment":[{"href":"https:\/\/esentialaroms.com\/fr\/wp-json\/wp\/v2\/media?parent=15147"}],"wp:term":[{"taxonomy":"product_brand","embeddable":true,"href":"https:\/\/esentialaroms.com\/fr\/wp-json\/wp\/v2\/product_brand?post=15147"},{"taxonomy":"product_cat","embeddable":true,"href":"https:\/\/esentialaroms.com\/fr\/wp-json\/wp\/v2\/product_cat?post=15147"},{"taxonomy":"product_tag","embeddable":true,"href":"https:\/\/esentialaroms.com\/fr\/wp-json\/wp\/v2\/product_tag?post=15147"}],"curies":[{"name":"wp","href":"https:\/\/api.w.org\/{rel}","templated":true}]}}