{"id":15134,"date":"2026-05-07T14:02:50","date_gmt":"2026-05-07T12:02:50","guid":{"rendered":"https:\/\/esentialaroms.com\/productos\/esential-pic-pack-aromamoskit-brazalete-2\/"},"modified":"2026-05-07T14:23:24","modified_gmt":"2026-05-07T12:23:24","slug":"esential-pic-pack-aromamoskit-brazalete-2","status":"publish","type":"product","link":"https:\/\/esentialaroms.com\/fr\/productos\/esential-pic-pack-aromamoskit-brazalete-2\/","title":{"rendered":"Esential Pic Pack AROMAMOSKIT + Bracelet"},"content":{"rendered":"","protected":false},"excerpt":{"rendered":"<div>Huile essentielle de citronnelle. Herbe naturelle originaire d&rsquo;Indon\u00e9sie, appartenant \u00e0 la famille des poac\u00e9es. L&rsquo;huile essentielle est obtenue par distillation \u00e0 la vapeur d&rsquo;eau de l&rsquo;herbe fra\u00eeche. &nbsp;<\/div>\n<div>Cadeau : bracelet Esential&rsquo;ar\u00f4ms : cr\u00e9e un champ de protection anti-moustiques jusqu&rsquo;\u00e0 1 m\u00e8tre autour du bracelet (imperm\u00e9able). &nbsp;<\/div>\n","protected":false},"featured_media":15135,"comment_status":"open","ping_status":"closed","template":"","meta":{"_acf_changed":false,"rs_blank_template":"","rs_page_bg_color":"","slide_template_v7":""},"product_brand":[],"product_cat":[448,340,322,548,545],"product_tag":[],"class_list":{"0":"post-15134","1":"product","2":"type-product","3":"status-publish","4":"has-post-thumbnail","6":"product_cat-anti-moustiques","7":"product_cat-besoins","8":"product_cat-familles","9":"product_cat-moustiques","10":"product_cat-repulsifs-naturels","12":"first","13":"instock","14":"shipping-taxable","15":"purchasable","16":"product-type-simple"},"acf":[],"_links":{"self":[{"href":"https:\/\/esentialaroms.com\/fr\/wp-json\/wp\/v2\/product\/15134","targetHints":{"allow":["GET"]}}],"collection":[{"href":"https:\/\/esentialaroms.com\/fr\/wp-json\/wp\/v2\/product"}],"about":[{"href":"https:\/\/esentialaroms.com\/fr\/wp-json\/wp\/v2\/types\/product"}],"replies":[{"embeddable":true,"href":"https:\/\/esentialaroms.com\/fr\/wp-json\/wp\/v2\/comments?post=15134"}],"version-history":[{"count":1,"href":"https:\/\/esentialaroms.com\/fr\/wp-json\/wp\/v2\/product\/15134\/revisions"}],"predecessor-version":[{"id":15137,"href":"https:\/\/esentialaroms.com\/fr\/wp-json\/wp\/v2\/product\/15134\/revisions\/15137"}],"wp:featuredmedia":[{"embeddable":true,"href":"https:\/\/esentialaroms.com\/fr\/wp-json\/wp\/v2\/media\/15135"}],"wp:attachment":[{"href":"https:\/\/esentialaroms.com\/fr\/wp-json\/wp\/v2\/media?parent=15134"}],"wp:term":[{"taxonomy":"product_brand","embeddable":true,"href":"https:\/\/esentialaroms.com\/fr\/wp-json\/wp\/v2\/product_brand?post=15134"},{"taxonomy":"product_cat","embeddable":true,"href":"https:\/\/esentialaroms.com\/fr\/wp-json\/wp\/v2\/product_cat?post=15134"},{"taxonomy":"product_tag","embeddable":true,"href":"https:\/\/esentialaroms.com\/fr\/wp-json\/wp\/v2\/product_tag?post=15134"}],"curies":[{"name":"wp","href":"https:\/\/api.w.org\/{rel}","templated":true}]}}