{"id":15121,"date":"2026-05-07T14:02:46","date_gmt":"2026-05-07T12:02:46","guid":{"rendered":"https:\/\/esentialaroms.com\/productos\/pack-dos-cuarzos-rosa-rodados-2\/"},"modified":"2026-05-07T14:23:23","modified_gmt":"2026-05-07T12:23:23","slug":"pack-dos-cuarzos-rosa-rodados-2","status":"publish","type":"product","link":"https:\/\/esentialaroms.com\/fr\/productos\/pack-dos-cuarzos-rosa-rodados-2\/","title":{"rendered":"PACK DEUX QUARTZ ROSES POLIS"},"content":{"rendered":"<div>Le quartz rose poss\u00e8de une fr\u00e9quence douce et subtile. &nbsp;<\/div>\n<div>Symbolisme : v\u00e9ritable amour, il insuffle l&rsquo;amour de soi et des autres. Chemin incontournable vers la r\u00e9alisation de soi, la paix int\u00e9rieure, la pl\u00e9nitude et le bonheur. Il incarne la tendresse, la bont\u00e9, le pardon, l&rsquo;estime de soi et le soin de soi. &nbsp;<\/div>\n<div>Chakra associ\u00e9 : 4e chakra, le chakra du c\u0153ur. &nbsp;<\/div>\n<div>Polarit\u00e9 : donner et recevoir. &nbsp;<\/div>\n<div>Composition : c&rsquo;est un dioxyde de silicium. &nbsp;<\/div>\n","protected":false},"excerpt":{"rendered":"<div>Soigner les blessures \u00e9motionnelles. &nbsp;<\/div>\n<div>Surmonter le sentiment d&rsquo;abandon, se lib\u00e9rer des charges \u00e9motionnelles, du ressentiment  et de la peur \u00e9motionnelle. &nbsp;<\/div>\n","protected":false},"featured_media":15122,"comment_status":"open","ping_status":"closed","template":"","meta":{"_acf_changed":false,"rs_blank_template":"","rs_page_bg_color":"","slide_template_v7":""},"product_brand":[],"product_cat":[322,480],"product_tag":[],"class_list":{"0":"post-15121","1":"product","2":"type-product","3":"status-publish","4":"has-post-thumbnail","6":"product_cat-familles","7":"product_cat-massage-oil","9":"first","10":"instock","11":"shipping-taxable","12":"purchasable","13":"product-type-simple"},"acf":[],"_links":{"self":[{"href":"https:\/\/esentialaroms.com\/fr\/wp-json\/wp\/v2\/product\/15121","targetHints":{"allow":["GET"]}}],"collection":[{"href":"https:\/\/esentialaroms.com\/fr\/wp-json\/wp\/v2\/product"}],"about":[{"href":"https:\/\/esentialaroms.com\/fr\/wp-json\/wp\/v2\/types\/product"}],"replies":[{"embeddable":true,"href":"https:\/\/esentialaroms.com\/fr\/wp-json\/wp\/v2\/comments?post=15121"}],"version-history":[{"count":1,"href":"https:\/\/esentialaroms.com\/fr\/wp-json\/wp\/v2\/product\/15121\/revisions"}],"predecessor-version":[{"id":15123,"href":"https:\/\/esentialaroms.com\/fr\/wp-json\/wp\/v2\/product\/15121\/revisions\/15123"}],"wp:featuredmedia":[{"embeddable":true,"href":"https:\/\/esentialaroms.com\/fr\/wp-json\/wp\/v2\/media\/15122"}],"wp:attachment":[{"href":"https:\/\/esentialaroms.com\/fr\/wp-json\/wp\/v2\/media?parent=15121"}],"wp:term":[{"taxonomy":"product_brand","embeddable":true,"href":"https:\/\/esentialaroms.com\/fr\/wp-json\/wp\/v2\/product_brand?post=15121"},{"taxonomy":"product_cat","embeddable":true,"href":"https:\/\/esentialaroms.com\/fr\/wp-json\/wp\/v2\/product_cat?post=15121"},{"taxonomy":"product_tag","embeddable":true,"href":"https:\/\/esentialaroms.com\/fr\/wp-json\/wp\/v2\/product_tag?post=15121"}],"curies":[{"name":"wp","href":"https:\/\/api.w.org\/{rel}","templated":true}]}}