{"id":15108,"date":"2026-05-07T14:02:38","date_gmt":"2026-05-07T12:02:38","guid":{"rendered":"https:\/\/esentialaroms.com\/productos\/pack-nitstop-2\/"},"modified":"2026-05-07T14:23:23","modified_gmt":"2026-05-07T12:23:23","slug":"pack-nitstop-2","status":"publish","type":"product","link":"https:\/\/esentialaroms.com\/fr\/productos\/pack-nitstop-2\/","title":{"rendered":"PACK NITSTOP"},"content":{"rendered":"<div>Ce pack contient : &nbsp;<\/div>\n<div>\u00b7 Lotion de soin capillaire pour enfants \u00ab \u00c0 l&rsquo;\u00e9cole sans surprises \u00bb \u00e0 l&rsquo;arbre \u00e0 th\u00e9, \u00e0 la lavande, \u00e0 l&rsquo;eucalyptus, \u00e0 la menthe, \u00e0 la citronnelle et au myrte &nbsp;<\/div>\n<div>\u00b7 Shampooing de soin capillaire pour enfants \u00ab \u00c0 l&rsquo;\u00e9cole sans surprises \u00bb \u00e0 l&rsquo;arbre \u00e0 th\u00e9 et au calendula. &nbsp;<\/div>\n","protected":false},"excerpt":{"rendered":"<div>LOTION &nbsp;<\/div>\n<div>Lotion soin des cheveux. Produit biod\u00e9gradable. Sans ar\u00f4mes de synth\u00e8se, sans colorants artificiels, sans phtalates, sans silicones, sans paraffine, sans parab\u00e8nes. &nbsp;<\/div>\n<div><\/div>\n<div>SHAMPOING &nbsp;<\/div>\n<div>Shampoing \u00e9labor\u00e9 \u00e0 partir de mati\u00e8res premi\u00e8res naturelles et ingr\u00e9dients d\u2019origine naturelle pour le soin pr\u00e9ventif des cheveux des enfants en \u00e2ge d\u2019aller \u00e0 l\u2019\u00e9cole. Avec les propri\u00e9t\u00e9s de l\u2019arbre \u00e0 th\u00e9, la lavande et l\u2019aloe vera. &nbsp;<\/div>\n","protected":false},"featured_media":15109,"comment_status":"open","ping_status":"closed","template":"","meta":{"_acf_changed":false,"rs_blank_template":"","rs_page_bg_color":"","slide_template_v7":""},"product_brand":[],"product_cat":[340,322,468,551,545],"product_tag":[],"class_list":{"0":"post-15108","1":"product","2":"type-product","3":"status-publish","4":"has-post-thumbnail","6":"product_cat-besoins","7":"product_cat-familles","8":"product_cat-kids-esential","9":"product_cat-poux","10":"product_cat-repulsifs-naturels","12":"first","13":"instock","14":"shipping-taxable","15":"purchasable","16":"product-type-simple"},"acf":[],"_links":{"self":[{"href":"https:\/\/esentialaroms.com\/fr\/wp-json\/wp\/v2\/product\/15108","targetHints":{"allow":["GET"]}}],"collection":[{"href":"https:\/\/esentialaroms.com\/fr\/wp-json\/wp\/v2\/product"}],"about":[{"href":"https:\/\/esentialaroms.com\/fr\/wp-json\/wp\/v2\/types\/product"}],"replies":[{"embeddable":true,"href":"https:\/\/esentialaroms.com\/fr\/wp-json\/wp\/v2\/comments?post=15108"}],"version-history":[{"count":1,"href":"https:\/\/esentialaroms.com\/fr\/wp-json\/wp\/v2\/product\/15108\/revisions"}],"predecessor-version":[{"id":15111,"href":"https:\/\/esentialaroms.com\/fr\/wp-json\/wp\/v2\/product\/15108\/revisions\/15111"}],"wp:featuredmedia":[{"embeddable":true,"href":"https:\/\/esentialaroms.com\/fr\/wp-json\/wp\/v2\/media\/15109"}],"wp:attachment":[{"href":"https:\/\/esentialaroms.com\/fr\/wp-json\/wp\/v2\/media?parent=15108"}],"wp:term":[{"taxonomy":"product_brand","embeddable":true,"href":"https:\/\/esentialaroms.com\/fr\/wp-json\/wp\/v2\/product_brand?post=15108"},{"taxonomy":"product_cat","embeddable":true,"href":"https:\/\/esentialaroms.com\/fr\/wp-json\/wp\/v2\/product_cat?post=15108"},{"taxonomy":"product_tag","embeddable":true,"href":"https:\/\/esentialaroms.com\/fr\/wp-json\/wp\/v2\/product_tag?post=15108"}],"curies":[{"name":"wp","href":"https:\/\/api.w.org\/{rel}","templated":true}]}}