{"id":15093,"date":"2026-05-07T14:02:34","date_gmt":"2026-05-07T12:02:34","guid":{"rendered":"https:\/\/esentialaroms.com\/productos\/dd-crema-de-dia-purifying-piel-mixta-grasa-2\/"},"modified":"2026-05-07T14:23:22","modified_gmt":"2026-05-07T12:23:22","slug":"dd-crema-de-dia-purifying-piel-mixta-grasa-2","status":"publish","type":"product","link":"https:\/\/esentialaroms.com\/fr\/productos\/dd-crema-de-dia-purifying-piel-mixta-grasa-2\/","title":{"rendered":"DD DAY CREAM PURIFYING Peau Mixte-Grasse"},"content":{"rendered":"<div>Defensa Diaria. Crema de d\u00eda. Protecci\u00f3n antimanchas. Reguladora seb\u00e1cea. Antirrojeces. &nbsp;<\/div>\n","protected":false},"excerpt":{"rendered":"<div>Avec des ingr\u00e9dients \u00e0 l&rsquo;action s\u00e9bor\u00e9gulatrice prouv\u00e9e. Cr\u00e8me de derni\u00e8re g\u00e9n\u00e9ration formul\u00e9e avec un \u00e9mulsifiant d&rsquo;origine naturelle extrait de l&rsquo;olive qui agit comme un ingr\u00e9dient actif ; un complexe d&rsquo;acides gras de composition similaire \u00e0 la composition lipidique de la peau qui am\u00e9liore l&rsquo;int\u00e9grit\u00e9 de la barri\u00e8re cutan\u00e9e. Pr\u00e9vient l&rsquo;apparition d&rsquo;imperfections. &nbsp;<\/div>\n","protected":false},"featured_media":15094,"comment_status":"open","ping_status":"closed","template":"","meta":{"_acf_changed":false,"rs_blank_template":"","rs_page_bg_color":"","slide_template_v7":""},"product_brand":[],"product_cat":[455,340,322,361,355],"product_tag":[],"class_list":{"0":"post-15093","1":"product","2":"type-product","3":"status-publish","4":"has-post-thumbnail","6":"product_cat-beaute-consciente","7":"product_cat-besoins","8":"product_cat-familles","9":"product_cat-type-de-peau","10":"product_cat-visage","12":"first","13":"instock","14":"shipping-taxable","15":"purchasable","16":"product-type-simple"},"acf":[],"_links":{"self":[{"href":"https:\/\/esentialaroms.com\/fr\/wp-json\/wp\/v2\/product\/15093","targetHints":{"allow":["GET"]}}],"collection":[{"href":"https:\/\/esentialaroms.com\/fr\/wp-json\/wp\/v2\/product"}],"about":[{"href":"https:\/\/esentialaroms.com\/fr\/wp-json\/wp\/v2\/types\/product"}],"replies":[{"embeddable":true,"href":"https:\/\/esentialaroms.com\/fr\/wp-json\/wp\/v2\/comments?post=15093"}],"version-history":[{"count":1,"href":"https:\/\/esentialaroms.com\/fr\/wp-json\/wp\/v2\/product\/15093\/revisions"}],"predecessor-version":[{"id":15096,"href":"https:\/\/esentialaroms.com\/fr\/wp-json\/wp\/v2\/product\/15093\/revisions\/15096"}],"wp:featuredmedia":[{"embeddable":true,"href":"https:\/\/esentialaroms.com\/fr\/wp-json\/wp\/v2\/media\/15094"}],"wp:attachment":[{"href":"https:\/\/esentialaroms.com\/fr\/wp-json\/wp\/v2\/media?parent=15093"}],"wp:term":[{"taxonomy":"product_brand","embeddable":true,"href":"https:\/\/esentialaroms.com\/fr\/wp-json\/wp\/v2\/product_brand?post=15093"},{"taxonomy":"product_cat","embeddable":true,"href":"https:\/\/esentialaroms.com\/fr\/wp-json\/wp\/v2\/product_cat?post=15093"},{"taxonomy":"product_tag","embeddable":true,"href":"https:\/\/esentialaroms.com\/fr\/wp-json\/wp\/v2\/product_tag?post=15093"}],"curies":[{"name":"wp","href":"https:\/\/api.w.org\/{rel}","templated":true}]}}