{"id":15063,"date":"2026-05-07T14:02:26","date_gmt":"2026-05-07T12:02:26","guid":{"rendered":"https:\/\/esentialaroms.com\/productos\/dd-crema-de-dia-comfort-piel-seca-2\/"},"modified":"2026-05-07T14:23:21","modified_gmt":"2026-05-07T12:23:21","slug":"dd-crema-de-dia-comfort-piel-seca-2","status":"publish","type":"product","link":"https:\/\/esentialaroms.com\/fr\/productos\/dd-crema-de-dia-comfort-piel-seca-2\/","title":{"rendered":"DD DAY CREAM COMFORT Peau S\u00e8che"},"content":{"rendered":"<div>D\u00e9fense quotidienne. Cr\u00e8me de jour. Protection anti-taches. Ultra-hydratant 12 h. &nbsp;<\/div>\n","protected":false},"excerpt":{"rendered":"<div>Avec des ingr\u00e9dients \u00e0 l&rsquo;efficacit\u00e9 apaisante prouv\u00e9e qui r\u00e9gulent l&rsquo;\u00e9quilibre hydrique, r\u00e9duisent la perte d&rsquo;eau et renforcent la fonction de barri\u00e8re. Cr\u00e8me de derni\u00e8re g\u00e9n\u00e9ration formul\u00e9e avec un \u00e9mulsifiant d&rsquo;origine naturelle extrait de l&rsquo;olive qui se comporte comme un ingr\u00e9dient actif ; complexe d&rsquo;acides gras dont la composition est similaire \u00e0 la composition lipidique de la peau et qui am\u00e9liore l&rsquo;int\u00e9grit\u00e9 de la barri\u00e8re cutan\u00e9e. Pr\u00e9vient l&rsquo;apparition des taches. &nbsp;<\/div>\n","protected":false},"featured_media":15064,"comment_status":"open","ping_status":"closed","template":"","meta":{"_acf_changed":false,"rs_blank_template":"","rs_page_bg_color":"","slide_template_v7":""},"product_brand":[],"product_cat":[455,340,322,361,355],"product_tag":[],"class_list":{"0":"post-15063","1":"product","2":"type-product","3":"status-publish","4":"has-post-thumbnail","6":"product_cat-beaute-consciente","7":"product_cat-besoins","8":"product_cat-familles","9":"product_cat-type-de-peau","10":"product_cat-visage","12":"first","13":"instock","14":"shipping-taxable","15":"purchasable","16":"product-type-simple"},"acf":[],"_links":{"self":[{"href":"https:\/\/esentialaroms.com\/fr\/wp-json\/wp\/v2\/product\/15063","targetHints":{"allow":["GET"]}}],"collection":[{"href":"https:\/\/esentialaroms.com\/fr\/wp-json\/wp\/v2\/product"}],"about":[{"href":"https:\/\/esentialaroms.com\/fr\/wp-json\/wp\/v2\/types\/product"}],"replies":[{"embeddable":true,"href":"https:\/\/esentialaroms.com\/fr\/wp-json\/wp\/v2\/comments?post=15063"}],"version-history":[{"count":1,"href":"https:\/\/esentialaroms.com\/fr\/wp-json\/wp\/v2\/product\/15063\/revisions"}],"predecessor-version":[{"id":15066,"href":"https:\/\/esentialaroms.com\/fr\/wp-json\/wp\/v2\/product\/15063\/revisions\/15066"}],"wp:featuredmedia":[{"embeddable":true,"href":"https:\/\/esentialaroms.com\/fr\/wp-json\/wp\/v2\/media\/15064"}],"wp:attachment":[{"href":"https:\/\/esentialaroms.com\/fr\/wp-json\/wp\/v2\/media?parent=15063"}],"wp:term":[{"taxonomy":"product_brand","embeddable":true,"href":"https:\/\/esentialaroms.com\/fr\/wp-json\/wp\/v2\/product_brand?post=15063"},{"taxonomy":"product_cat","embeddable":true,"href":"https:\/\/esentialaroms.com\/fr\/wp-json\/wp\/v2\/product_cat?post=15063"},{"taxonomy":"product_tag","embeddable":true,"href":"https:\/\/esentialaroms.com\/fr\/wp-json\/wp\/v2\/product_tag?post=15063"}],"curies":[{"name":"wp","href":"https:\/\/api.w.org\/{rel}","templated":true}]}}