{"id":15048,"date":"2026-05-07T14:02:22","date_gmt":"2026-05-07T12:02:22","guid":{"rendered":"https:\/\/esentialaroms.com\/productos\/crema-de-dia-de-rosa-mosqueta-2\/"},"modified":"2026-05-07T14:23:21","modified_gmt":"2026-05-07T12:23:21","slug":"crema-de-dia-de-rosa-mosqueta-2","status":"publish","type":"product","link":"https:\/\/esentialaroms.com\/fr\/productos\/crema-de-dia-de-rosa-mosqueta-2\/","title":{"rendered":"CR\u00c8ME DE JOUR Rose musqu\u00e9e"},"content":{"rendered":"<div>Cr\u00e8me de jour r\u00e9g\u00e9n\u00e9rante Rosa Mosqueta. &nbsp;<\/div>\n","protected":false},"excerpt":{"rendered":"<div>Avec de l&rsquo;acide hyaluronique d&rsquo;origine v\u00e9g\u00e9tale. Action anti-taches et protectrice, soin UV anti-photo-vieillissement, pour tous les types de peau. &nbsp;<\/div>\n","protected":false},"featured_media":15049,"comment_status":"open","ping_status":"closed","template":"","meta":{"_acf_changed":false,"rs_blank_template":"","rs_page_bg_color":"","slide_template_v7":""},"product_brand":[],"product_cat":[524,340,485,322,358,361,355],"product_tag":[],"class_list":{"0":"post-15048","1":"product","2":"type-product","3":"status-publish","4":"has-post-thumbnail","6":"product_cat-anti-age","7":"product_cat-besoins","8":"product_cat-cynorrhodon","9":"product_cat-familles","10":"product_cat-soins-de-la-peau","11":"product_cat-type-de-peau","12":"product_cat-visage","14":"first","15":"instock","16":"shipping-taxable","17":"purchasable","18":"product-type-simple"},"acf":[],"_links":{"self":[{"href":"https:\/\/esentialaroms.com\/fr\/wp-json\/wp\/v2\/product\/15048","targetHints":{"allow":["GET"]}}],"collection":[{"href":"https:\/\/esentialaroms.com\/fr\/wp-json\/wp\/v2\/product"}],"about":[{"href":"https:\/\/esentialaroms.com\/fr\/wp-json\/wp\/v2\/types\/product"}],"replies":[{"embeddable":true,"href":"https:\/\/esentialaroms.com\/fr\/wp-json\/wp\/v2\/comments?post=15048"}],"version-history":[{"count":1,"href":"https:\/\/esentialaroms.com\/fr\/wp-json\/wp\/v2\/product\/15048\/revisions"}],"predecessor-version":[{"id":15051,"href":"https:\/\/esentialaroms.com\/fr\/wp-json\/wp\/v2\/product\/15048\/revisions\/15051"}],"wp:featuredmedia":[{"embeddable":true,"href":"https:\/\/esentialaroms.com\/fr\/wp-json\/wp\/v2\/media\/15049"}],"wp:attachment":[{"href":"https:\/\/esentialaroms.com\/fr\/wp-json\/wp\/v2\/media?parent=15048"}],"wp:term":[{"taxonomy":"product_brand","embeddable":true,"href":"https:\/\/esentialaroms.com\/fr\/wp-json\/wp\/v2\/product_brand?post=15048"},{"taxonomy":"product_cat","embeddable":true,"href":"https:\/\/esentialaroms.com\/fr\/wp-json\/wp\/v2\/product_cat?post=15048"},{"taxonomy":"product_tag","embeddable":true,"href":"https:\/\/esentialaroms.com\/fr\/wp-json\/wp\/v2\/product_tag?post=15048"}],"curies":[{"name":"wp","href":"https:\/\/api.w.org\/{rel}","templated":true}]}}