{"id":15033,"date":"2026-05-07T13:56:22","date_gmt":"2026-05-07T11:56:22","guid":{"rendered":"https:\/\/esentialaroms.com\/productos\/laminaria-scrub-2\/"},"modified":"2026-05-07T14:23:21","modified_gmt":"2026-05-07T12:23:21","slug":"laminaria-scrub-2","status":"publish","type":"product","link":"https:\/\/esentialaroms.com\/fr\/productos\/laminaria-scrub-2\/","title":{"rendered":"LAMINARIA SCRUB"},"content":{"rendered":"<div>Exfoliant corporel, r\u00e9ducteur et raffermissant. &nbsp;<\/div>\n","protected":false},"excerpt":{"rendered":"<div>Exfolie et d\u00e9pose les min\u00e9raux et oligo-\u00e9l\u00e9ments de l&rsquo;algue laminaria sur la peau. Permet d&rsquo;effectuer une exfoliation intensive tout en remin\u00e9ralisant et en pr\u00e9parant la peau \u00e0 l&rsquo;application de la cr\u00e8me aux algues et des enveloppements. &nbsp;<\/div>\n","protected":false},"featured_media":15035,"comment_status":"open","ping_status":"closed","template":"","meta":{"_acf_changed":false,"rs_blank_template":"","rs_page_bg_color":"","slide_template_v7":""},"product_brand":[],"product_cat":[447,340,555,322,503,515,506],"product_tag":[],"class_list":{"0":"post-15033","1":"product","2":"type-product","3":"status-publish","4":"has-post-thumbnail","6":"product_cat-anticelulitis","7":"product_cat-besoins","8":"product_cat-best-sellers","9":"product_cat-familles","10":"product_cat-physique","11":"product_cat-silhouette","12":"product_cat-soins-corporels","14":"first","15":"instock","16":"shipping-taxable","17":"purchasable","18":"product-type-simple"},"acf":[],"_links":{"self":[{"href":"https:\/\/esentialaroms.com\/fr\/wp-json\/wp\/v2\/product\/15033","targetHints":{"allow":["GET"]}}],"collection":[{"href":"https:\/\/esentialaroms.com\/fr\/wp-json\/wp\/v2\/product"}],"about":[{"href":"https:\/\/esentialaroms.com\/fr\/wp-json\/wp\/v2\/types\/product"}],"replies":[{"embeddable":true,"href":"https:\/\/esentialaroms.com\/fr\/wp-json\/wp\/v2\/comments?post=15033"}],"version-history":[{"count":1,"href":"https:\/\/esentialaroms.com\/fr\/wp-json\/wp\/v2\/product\/15033\/revisions"}],"predecessor-version":[{"id":15036,"href":"https:\/\/esentialaroms.com\/fr\/wp-json\/wp\/v2\/product\/15033\/revisions\/15036"}],"wp:featuredmedia":[{"embeddable":true,"href":"https:\/\/esentialaroms.com\/fr\/wp-json\/wp\/v2\/media\/15035"}],"wp:attachment":[{"href":"https:\/\/esentialaroms.com\/fr\/wp-json\/wp\/v2\/media?parent=15033"}],"wp:term":[{"taxonomy":"product_brand","embeddable":true,"href":"https:\/\/esentialaroms.com\/fr\/wp-json\/wp\/v2\/product_brand?post=15033"},{"taxonomy":"product_cat","embeddable":true,"href":"https:\/\/esentialaroms.com\/fr\/wp-json\/wp\/v2\/product_cat?post=15033"},{"taxonomy":"product_tag","embeddable":true,"href":"https:\/\/esentialaroms.com\/fr\/wp-json\/wp\/v2\/product_tag?post=15033"}],"curies":[{"name":"wp","href":"https:\/\/api.w.org\/{rel}","templated":true}]}}