{"id":15020,"date":"2026-05-07T13:56:20","date_gmt":"2026-05-07T11:56:20","guid":{"rendered":"https:\/\/esentialaroms.com\/productos\/crema-de-alga-laminaria-2\/"},"modified":"2026-05-07T14:23:21","modified_gmt":"2026-05-07T12:23:21","slug":"crema-de-alga-laminaria-2","status":"publish","type":"product","link":"https:\/\/esentialaroms.com\/fr\/productos\/crema-de-alga-laminaria-2\/","title":{"rendered":"CR\u00c8ME \u00c0 L&rsquo;ALGUE LAMINARIA"},"content":{"rendered":"<div>La laminaire est une algue marine tr\u00e8s riche en alginates, min\u00e9raux et oligo-\u00e9l\u00e9ments. Sa teneur en alginates lui conf\u00e8re des propri\u00e9t\u00e9s hautement hydratantes et remin\u00e9ralisantes. \u00c0 utiliser dans tous les traitements amincissants et raffermissants. Les algues laminaria sont broy\u00e9es \u00e0 l&rsquo;\u00e9tat frais jusqu&rsquo;\u00e0 obtenir une cr\u00e8me fine, tr\u00e8s riche en min\u00e9raux et oligo-\u00e9l\u00e9ments, qui p\u00e9n\u00e8tre facilement dans l&rsquo;\u00e9piderme. &nbsp;<\/div>\n","protected":false},"excerpt":{"rendered":"<div>Les algues laminaires sont broy\u00e9es fra\u00eeches jusqu\u2019\u00e0 obtenir une fine cr\u00e8me qui poss\u00e8de une grande richesse en min\u00e9raux et oligo\u00e9l\u00e9ments et p\u00e9n\u00e8tre facilement dans l\u2019\u00e9piderme. &nbsp;<\/div>\n","protected":false},"featured_media":15021,"comment_status":"open","ping_status":"closed","template":"","meta":{"_acf_changed":false,"rs_blank_template":"","rs_page_bg_color":"","slide_template_v7":""},"product_brand":[],"product_cat":[447,340,322,503,515],"product_tag":[],"class_list":{"0":"post-15020","1":"product","2":"type-product","3":"status-publish","4":"has-post-thumbnail","6":"product_cat-anticelulitis","7":"product_cat-besoins","8":"product_cat-familles","9":"product_cat-physique","10":"product_cat-silhouette","12":"first","13":"instock","14":"shipping-taxable","15":"purchasable","16":"product-type-simple"},"acf":[],"_links":{"self":[{"href":"https:\/\/esentialaroms.com\/fr\/wp-json\/wp\/v2\/product\/15020","targetHints":{"allow":["GET"]}}],"collection":[{"href":"https:\/\/esentialaroms.com\/fr\/wp-json\/wp\/v2\/product"}],"about":[{"href":"https:\/\/esentialaroms.com\/fr\/wp-json\/wp\/v2\/types\/product"}],"replies":[{"embeddable":true,"href":"https:\/\/esentialaroms.com\/fr\/wp-json\/wp\/v2\/comments?post=15020"}],"version-history":[{"count":1,"href":"https:\/\/esentialaroms.com\/fr\/wp-json\/wp\/v2\/product\/15020\/revisions"}],"predecessor-version":[{"id":15022,"href":"https:\/\/esentialaroms.com\/fr\/wp-json\/wp\/v2\/product\/15020\/revisions\/15022"}],"wp:featuredmedia":[{"embeddable":true,"href":"https:\/\/esentialaroms.com\/fr\/wp-json\/wp\/v2\/media\/15021"}],"wp:attachment":[{"href":"https:\/\/esentialaroms.com\/fr\/wp-json\/wp\/v2\/media?parent=15020"}],"wp:term":[{"taxonomy":"product_brand","embeddable":true,"href":"https:\/\/esentialaroms.com\/fr\/wp-json\/wp\/v2\/product_brand?post=15020"},{"taxonomy":"product_cat","embeddable":true,"href":"https:\/\/esentialaroms.com\/fr\/wp-json\/wp\/v2\/product_cat?post=15020"},{"taxonomy":"product_tag","embeddable":true,"href":"https:\/\/esentialaroms.com\/fr\/wp-json\/wp\/v2\/product_tag?post=15020"}],"curies":[{"name":"wp","href":"https:\/\/api.w.org\/{rel}","templated":true}]}}