{"id":15005,"date":"2026-05-07T13:56:16","date_gmt":"2026-05-07T11:56:16","guid":{"rendered":"https:\/\/esentialaroms.com\/productos\/cleantonic-purifying-piel-mixta-grasa-2\/"},"modified":"2026-05-07T14:23:20","modified_gmt":"2026-05-07T12:23:20","slug":"cleantonic-purifying-piel-mixta-grasa-2","status":"publish","type":"product","link":"https:\/\/esentialaroms.com\/fr\/productos\/cleantonic-purifying-piel-mixta-grasa-2\/","title":{"rendered":"CLEANTONIC PURIFYING Peau Mixte-Grasse"},"content":{"rendered":"","protected":false},"excerpt":{"rendered":"<div>Cleantonic Purifying &#8211; peaux mixtes \u00e0 grasses associe une s\u00e9lection unique de phytoactifs \u00e0 des extraits de fruits riches en acide mucique, qui a la capacit\u00e9 de capter les m\u00e9taux lourds dans la peau. Il nettoie, r\u00e9gule le s\u00e9bum, purifie, nourrit la peau et facilite l&rsquo;\u00e9limination des traces de maquillage, de s\u00e9bum et de pollution de mani\u00e8re naturelle. &nbsp;<\/div>\n","protected":false},"featured_media":15006,"comment_status":"open","ping_status":"closed","template":"","meta":{"_acf_changed":false,"rs_blank_template":"","rs_page_bg_color":"","slide_template_v7":""},"product_brand":[],"product_cat":[524,455,340,322,503,506,358,361,355],"product_tag":[],"class_list":{"0":"post-15005","1":"product","2":"type-product","3":"status-publish","4":"has-post-thumbnail","6":"product_cat-anti-age","7":"product_cat-beaute-consciente","8":"product_cat-besoins","9":"product_cat-familles","10":"product_cat-physique","11":"product_cat-soins-corporels","12":"product_cat-soins-de-la-peau","13":"product_cat-type-de-peau","14":"product_cat-visage","16":"first","17":"instock","18":"shipping-taxable","19":"purchasable","20":"product-type-simple"},"acf":[],"_links":{"self":[{"href":"https:\/\/esentialaroms.com\/fr\/wp-json\/wp\/v2\/product\/15005","targetHints":{"allow":["GET"]}}],"collection":[{"href":"https:\/\/esentialaroms.com\/fr\/wp-json\/wp\/v2\/product"}],"about":[{"href":"https:\/\/esentialaroms.com\/fr\/wp-json\/wp\/v2\/types\/product"}],"replies":[{"embeddable":true,"href":"https:\/\/esentialaroms.com\/fr\/wp-json\/wp\/v2\/comments?post=15005"}],"version-history":[{"count":1,"href":"https:\/\/esentialaroms.com\/fr\/wp-json\/wp\/v2\/product\/15005\/revisions"}],"predecessor-version":[{"id":15008,"href":"https:\/\/esentialaroms.com\/fr\/wp-json\/wp\/v2\/product\/15005\/revisions\/15008"}],"wp:featuredmedia":[{"embeddable":true,"href":"https:\/\/esentialaroms.com\/fr\/wp-json\/wp\/v2\/media\/15006"}],"wp:attachment":[{"href":"https:\/\/esentialaroms.com\/fr\/wp-json\/wp\/v2\/media?parent=15005"}],"wp:term":[{"taxonomy":"product_brand","embeddable":true,"href":"https:\/\/esentialaroms.com\/fr\/wp-json\/wp\/v2\/product_brand?post=15005"},{"taxonomy":"product_cat","embeddable":true,"href":"https:\/\/esentialaroms.com\/fr\/wp-json\/wp\/v2\/product_cat?post=15005"},{"taxonomy":"product_tag","embeddable":true,"href":"https:\/\/esentialaroms.com\/fr\/wp-json\/wp\/v2\/product_tag?post=15005"}],"curies":[{"name":"wp","href":"https:\/\/api.w.org\/{rel}","templated":true}]}}