{"id":14975,"date":"2026-05-07T13:56:09","date_gmt":"2026-05-07T11:56:09","guid":{"rendered":"https:\/\/esentialaroms.com\/productos\/cleantonic-comfort-piel-seca-2\/"},"modified":"2026-05-07T14:23:19","modified_gmt":"2026-05-07T12:23:19","slug":"cleantonic-comfort-piel-seca-2","status":"publish","type":"product","link":"https:\/\/esentialaroms.com\/fr\/productos\/cleantonic-comfort-piel-seca-2\/","title":{"rendered":"CLEANTONIC COMFORT Peau S\u00e8che"},"content":{"rendered":"","protected":false},"excerpt":{"rendered":"<div>CLEANTONIC Comfort &#8211; peau s\u00e8che associe une s\u00e9lection unique de phytoactifs aux extraits de fruits riches en ocide mucique, capoble de capter les m\u00e9taux lourds pr\u00e9sents sur la peau. Nettoie, hydrote, tonifie, nourrit la peau et facilite l&rsquo;\u00e9limination des restes de maquillage, du s\u00e9bum et de la pollution de mani\u00e8re naturelle. &nbsp;<\/div>\n","protected":false},"featured_media":14976,"comment_status":"open","ping_status":"closed","template":"","meta":{"_acf_changed":false,"rs_blank_template":"","rs_page_bg_color":"","slide_template_v7":""},"product_brand":[],"product_cat":[524,455,340,322,503,506,358,361,355],"product_tag":[],"class_list":{"0":"post-14975","1":"product","2":"type-product","3":"status-publish","4":"has-post-thumbnail","6":"product_cat-anti-age","7":"product_cat-beaute-consciente","8":"product_cat-besoins","9":"product_cat-familles","10":"product_cat-physique","11":"product_cat-soins-corporels","12":"product_cat-soins-de-la-peau","13":"product_cat-type-de-peau","14":"product_cat-visage","16":"first","17":"instock","18":"shipping-taxable","19":"purchasable","20":"product-type-simple"},"acf":[],"_links":{"self":[{"href":"https:\/\/esentialaroms.com\/fr\/wp-json\/wp\/v2\/product\/14975","targetHints":{"allow":["GET"]}}],"collection":[{"href":"https:\/\/esentialaroms.com\/fr\/wp-json\/wp\/v2\/product"}],"about":[{"href":"https:\/\/esentialaroms.com\/fr\/wp-json\/wp\/v2\/types\/product"}],"replies":[{"embeddable":true,"href":"https:\/\/esentialaroms.com\/fr\/wp-json\/wp\/v2\/comments?post=14975"}],"version-history":[{"count":1,"href":"https:\/\/esentialaroms.com\/fr\/wp-json\/wp\/v2\/product\/14975\/revisions"}],"predecessor-version":[{"id":14978,"href":"https:\/\/esentialaroms.com\/fr\/wp-json\/wp\/v2\/product\/14975\/revisions\/14978"}],"wp:featuredmedia":[{"embeddable":true,"href":"https:\/\/esentialaroms.com\/fr\/wp-json\/wp\/v2\/media\/14976"}],"wp:attachment":[{"href":"https:\/\/esentialaroms.com\/fr\/wp-json\/wp\/v2\/media?parent=14975"}],"wp:term":[{"taxonomy":"product_brand","embeddable":true,"href":"https:\/\/esentialaroms.com\/fr\/wp-json\/wp\/v2\/product_brand?post=14975"},{"taxonomy":"product_cat","embeddable":true,"href":"https:\/\/esentialaroms.com\/fr\/wp-json\/wp\/v2\/product_cat?post=14975"},{"taxonomy":"product_tag","embeddable":true,"href":"https:\/\/esentialaroms.com\/fr\/wp-json\/wp\/v2\/product_tag?post=14975"}],"curies":[{"name":"wp","href":"https:\/\/api.w.org\/{rel}","templated":true}]}}