{"id":14960,"date":"2026-05-07T13:56:05","date_gmt":"2026-05-07T11:56:05","guid":{"rendered":"https:\/\/esentialaroms.com\/productos\/phytoserum-purifying-piel-mixta-grasa-2\/"},"modified":"2026-05-07T14:23:18","modified_gmt":"2026-05-07T12:23:18","slug":"phytoserum-purifying-piel-mixta-grasa-2","status":"publish","type":"product","link":"https:\/\/esentialaroms.com\/fr\/productos\/phytoserum-purifying-piel-mixta-grasa-2\/","title":{"rendered":"PHYTOS\u00c9RUM PURIFYING Peau Mixte-Grasse"},"content":{"rendered":"<div>S\u00e9rum purifiant. Concentr\u00e9 de nuit r\u00e9gulateur et anti-imperfections. Protection antioxydante de la peau. &nbsp;<\/div>\n","protected":false},"excerpt":{"rendered":"<div>S\u00e9rum phyto-r\u00e9parateur 100% d&rsquo;origine naturelle avec des principes actifs v\u00e9g\u00e9taux rapidement absorb\u00e9s. &nbsp;<\/div>\n<div>Avec des ingr\u00e9dients qui aident \u00e0 r\u00e9guler la production de s\u00e9bum et \u00e0 r\u00e9g\u00e9n\u00e9rer la peau. &nbsp;<\/div>\n","protected":false},"featured_media":14961,"comment_status":"open","ping_status":"closed","template":"","meta":{"_acf_changed":false,"rs_blank_template":"","rs_page_bg_color":"","slide_template_v7":""},"product_brand":[],"product_cat":[524,455,340,322,358,361,355],"product_tag":[],"class_list":{"0":"post-14960","1":"product","2":"type-product","3":"status-publish","4":"has-post-thumbnail","6":"product_cat-anti-age","7":"product_cat-beaute-consciente","8":"product_cat-besoins","9":"product_cat-familles","10":"product_cat-soins-de-la-peau","11":"product_cat-type-de-peau","12":"product_cat-visage","14":"first","15":"instock","16":"shipping-taxable","17":"purchasable","18":"product-type-simple"},"acf":[],"_links":{"self":[{"href":"https:\/\/esentialaroms.com\/fr\/wp-json\/wp\/v2\/product\/14960","targetHints":{"allow":["GET"]}}],"collection":[{"href":"https:\/\/esentialaroms.com\/fr\/wp-json\/wp\/v2\/product"}],"about":[{"href":"https:\/\/esentialaroms.com\/fr\/wp-json\/wp\/v2\/types\/product"}],"replies":[{"embeddable":true,"href":"https:\/\/esentialaroms.com\/fr\/wp-json\/wp\/v2\/comments?post=14960"}],"version-history":[{"count":1,"href":"https:\/\/esentialaroms.com\/fr\/wp-json\/wp\/v2\/product\/14960\/revisions"}],"predecessor-version":[{"id":14963,"href":"https:\/\/esentialaroms.com\/fr\/wp-json\/wp\/v2\/product\/14960\/revisions\/14963"}],"wp:featuredmedia":[{"embeddable":true,"href":"https:\/\/esentialaroms.com\/fr\/wp-json\/wp\/v2\/media\/14961"}],"wp:attachment":[{"href":"https:\/\/esentialaroms.com\/fr\/wp-json\/wp\/v2\/media?parent=14960"}],"wp:term":[{"taxonomy":"product_brand","embeddable":true,"href":"https:\/\/esentialaroms.com\/fr\/wp-json\/wp\/v2\/product_brand?post=14960"},{"taxonomy":"product_cat","embeddable":true,"href":"https:\/\/esentialaroms.com\/fr\/wp-json\/wp\/v2\/product_cat?post=14960"},{"taxonomy":"product_tag","embeddable":true,"href":"https:\/\/esentialaroms.com\/fr\/wp-json\/wp\/v2\/product_tag?post=14960"}],"curies":[{"name":"wp","href":"https:\/\/api.w.org\/{rel}","templated":true}]}}