{"id":14900,"date":"2026-05-07T13:55:51","date_gmt":"2026-05-07T11:55:51","guid":{"rendered":"https:\/\/esentialaroms.com\/productos\/esentialdiffuser-difusor-de-aceites-esenciales-con-cromoterapia-2\/"},"modified":"2026-05-07T14:23:17","modified_gmt":"2026-05-07T12:23:17","slug":"esentialdiffuser-difusor-de-aceites-esenciales-con-cromoterapia-2","status":"publish","type":"product","link":"https:\/\/esentialaroms.com\/fr\/productos\/esentialdiffuser-difusor-de-aceites-esenciales-con-cromoterapia-2\/","title":{"rendered":"ESENTIAL&rsquo;DIFFUSER diffuseur d&rsquo;huiles essentielles avec chromoth\u00e9rapie"},"content":{"rendered":"<div>PROFITEZ DE LA PSYCHO-AROMATH\u00c9RAPIE SCIENTIFIQUE CHEZ VOUS. &nbsp;<\/div>\n<div>Le diffuseur d&rsquo;huiles essentielles ESENTIAL&rsquo;DIFFUSER permet de diffuser les mol\u00e9cules aromatiques d&rsquo;une huile essentielle ou d&rsquo;un m\u00e9lange dans l&rsquo;air, favorisant ainsi leur volatilit\u00e9 naturelle. Cette m\u00e9thode de diffusion ne chauffe jamais l&rsquo;huile essentielle, ce qui pourrait alt\u00e9rer ses propri\u00e9t\u00e9s. Imaginez-vous en train de marcher dans un champ de lavande ou de vous promener dans une prairie alpine&#8230; Connectez-vous \u00e0 la nature la plus pure depuis chez vous et&#8230; profitez du bien-\u00eatre ! &nbsp;<\/div>\n","protected":false},"excerpt":{"rendered":"<div>Diffuse les mol\u00e9cules aromatiques d&rsquo;une huile essentielle ou d&rsquo;un m\u00e9lange dans l&rsquo;air en favorisant leur volatilit\u00e9 naturelle. &nbsp;<\/div>\n","protected":false},"featured_media":14901,"comment_status":"open","ping_status":"closed","template":"","meta":{"_acf_changed":false,"rs_blank_template":"","rs_page_bg_color":"","slide_template_v7":""},"product_brand":[],"product_cat":[307,340,316,367,364],"product_tag":[],"class_list":{"0":"post-14900","1":"product","2":"type-product","3":"status-publish","4":"has-post-thumbnail","6":"product_cat-aromatherapie","7":"product_cat-besoins","8":"product_cat-esential-diffusion-synergies-aromatiques","9":"product_cat-massage-anti-stress-et-anti-fatigue","10":"product_cat-massages-therapeutiques","12":"first","13":"instock","14":"shipping-taxable","15":"purchasable","16":"product-type-simple"},"acf":[],"_links":{"self":[{"href":"https:\/\/esentialaroms.com\/fr\/wp-json\/wp\/v2\/product\/14900","targetHints":{"allow":["GET"]}}],"collection":[{"href":"https:\/\/esentialaroms.com\/fr\/wp-json\/wp\/v2\/product"}],"about":[{"href":"https:\/\/esentialaroms.com\/fr\/wp-json\/wp\/v2\/types\/product"}],"replies":[{"embeddable":true,"href":"https:\/\/esentialaroms.com\/fr\/wp-json\/wp\/v2\/comments?post=14900"}],"version-history":[{"count":1,"href":"https:\/\/esentialaroms.com\/fr\/wp-json\/wp\/v2\/product\/14900\/revisions"}],"predecessor-version":[{"id":14903,"href":"https:\/\/esentialaroms.com\/fr\/wp-json\/wp\/v2\/product\/14900\/revisions\/14903"}],"wp:featuredmedia":[{"embeddable":true,"href":"https:\/\/esentialaroms.com\/fr\/wp-json\/wp\/v2\/media\/14901"}],"wp:attachment":[{"href":"https:\/\/esentialaroms.com\/fr\/wp-json\/wp\/v2\/media?parent=14900"}],"wp:term":[{"taxonomy":"product_brand","embeddable":true,"href":"https:\/\/esentialaroms.com\/fr\/wp-json\/wp\/v2\/product_brand?post=14900"},{"taxonomy":"product_cat","embeddable":true,"href":"https:\/\/esentialaroms.com\/fr\/wp-json\/wp\/v2\/product_cat?post=14900"},{"taxonomy":"product_tag","embeddable":true,"href":"https:\/\/esentialaroms.com\/fr\/wp-json\/wp\/v2\/product_tag?post=14900"}],"curies":[{"name":"wp","href":"https:\/\/api.w.org\/{rel}","templated":true}]}}