{"id":14885,"date":"2026-05-07T13:55:48","date_gmt":"2026-05-07T11:55:48","guid":{"rendered":"https:\/\/esentialaroms.com\/productos\/esentialmama-cuidado-del-pezon-2\/"},"modified":"2026-05-07T14:23:17","modified_gmt":"2026-05-07T12:23:17","slug":"esentialmama-cuidado-del-pezon-2","status":"publish","type":"product","link":"https:\/\/esentialaroms.com\/fr\/productos\/esentialmama-cuidado-del-pezon-2\/","title":{"rendered":"Esential&rsquo;Mama SOINS DES MAMELONS"},"content":{"rendered":"","protected":false},"excerpt":{"rendered":"<div>Formule con\u00e7ue pour hydrater et r\u00e9parer les mamelons. De plus, il contribue progressivement \u00e0 conf\u00e9rer de l\u2019\u00e9lasticit\u00e9 et \u00e0 \u00e9viter les d\u00e9chirures cutan\u00e9es. &nbsp;<\/div>\n","protected":false},"featured_media":14886,"comment_status":"open","ping_status":"closed","template":"","meta":{"_acf_changed":false,"rs_blank_template":"","rs_page_bg_color":"","slide_template_v7":""},"product_brand":[],"product_cat":[536,340,322,473,529],"product_tag":[],"class_list":{"0":"post-14885","1":"product","2":"type-product","3":"status-publish","4":"has-post-thumbnail","6":"product_cat-apres-la-grossesse-et-lallaitement","7":"product_cat-besoins","8":"product_cat-familles","9":"product_cat-mama-baby","12":"first","13":"instock","14":"shipping-taxable","15":"purchasable","16":"product-type-simple"},"acf":[],"_links":{"self":[{"href":"https:\/\/esentialaroms.com\/fr\/wp-json\/wp\/v2\/product\/14885","targetHints":{"allow":["GET"]}}],"collection":[{"href":"https:\/\/esentialaroms.com\/fr\/wp-json\/wp\/v2\/product"}],"about":[{"href":"https:\/\/esentialaroms.com\/fr\/wp-json\/wp\/v2\/types\/product"}],"replies":[{"embeddable":true,"href":"https:\/\/esentialaroms.com\/fr\/wp-json\/wp\/v2\/comments?post=14885"}],"version-history":[{"count":1,"href":"https:\/\/esentialaroms.com\/fr\/wp-json\/wp\/v2\/product\/14885\/revisions"}],"predecessor-version":[{"id":14888,"href":"https:\/\/esentialaroms.com\/fr\/wp-json\/wp\/v2\/product\/14885\/revisions\/14888"}],"wp:featuredmedia":[{"embeddable":true,"href":"https:\/\/esentialaroms.com\/fr\/wp-json\/wp\/v2\/media\/14886"}],"wp:attachment":[{"href":"https:\/\/esentialaroms.com\/fr\/wp-json\/wp\/v2\/media?parent=14885"}],"wp:term":[{"taxonomy":"product_brand","embeddable":true,"href":"https:\/\/esentialaroms.com\/fr\/wp-json\/wp\/v2\/product_brand?post=14885"},{"taxonomy":"product_cat","embeddable":true,"href":"https:\/\/esentialaroms.com\/fr\/wp-json\/wp\/v2\/product_cat?post=14885"},{"taxonomy":"product_tag","embeddable":true,"href":"https:\/\/esentialaroms.com\/fr\/wp-json\/wp\/v2\/product_tag?post=14885"}],"curies":[{"name":"wp","href":"https:\/\/api.w.org\/{rel}","templated":true}]}}