{"id":14870,"date":"2026-05-07T13:55:44","date_gmt":"2026-05-07T11:55:44","guid":{"rendered":"https:\/\/esentialaroms.com\/productos\/esentialmama-locion-de-masaje-perineal-2\/"},"modified":"2026-05-07T14:23:16","modified_gmt":"2026-05-07T12:23:16","slug":"esentialmama-locion-de-masaje-perineal-2","status":"publish","type":"product","link":"https:\/\/esentialaroms.com\/fr\/productos\/esentialmama-locion-de-masaje-perineal-2\/","title":{"rendered":"Esential&rsquo;Mama LOTION DE MASSAGE P\u00c9RIN\u00c9AL"},"content":{"rendered":"","protected":false},"excerpt":{"rendered":"<div>Aide \u00e0 augmenter l\u2019\u00e9lasticit\u00e9 de la peau tout en respectant son pH. Formule naturelle pour effectuer un massage p\u00e9rin\u00e9al et favoriser l\u2019\u00e9lasticit\u00e9 du p\u00e9rin\u00e9e. Efficacit\u00e9 bas\u00e9e sur les propri\u00e9t\u00e9s des huiles vierges de rose musqu\u00e9e et de baobab. &nbsp;<\/div>\n","protected":false},"featured_media":14871,"comment_status":"open","ping_status":"closed","template":"","meta":{"_acf_changed":false,"rs_blank_template":"","rs_page_bg_color":"","slide_template_v7":""},"product_brand":[],"product_cat":[536,340,322,473,529],"product_tag":[],"class_list":{"0":"post-14870","1":"product","2":"type-product","3":"status-publish","4":"has-post-thumbnail","6":"product_cat-apres-la-grossesse-et-lallaitement","7":"product_cat-besoins","8":"product_cat-familles","9":"product_cat-mama-baby","12":"first","13":"instock","14":"shipping-taxable","15":"purchasable","16":"product-type-simple"},"acf":[],"_links":{"self":[{"href":"https:\/\/esentialaroms.com\/fr\/wp-json\/wp\/v2\/product\/14870","targetHints":{"allow":["GET"]}}],"collection":[{"href":"https:\/\/esentialaroms.com\/fr\/wp-json\/wp\/v2\/product"}],"about":[{"href":"https:\/\/esentialaroms.com\/fr\/wp-json\/wp\/v2\/types\/product"}],"replies":[{"embeddable":true,"href":"https:\/\/esentialaroms.com\/fr\/wp-json\/wp\/v2\/comments?post=14870"}],"version-history":[{"count":1,"href":"https:\/\/esentialaroms.com\/fr\/wp-json\/wp\/v2\/product\/14870\/revisions"}],"predecessor-version":[{"id":14873,"href":"https:\/\/esentialaroms.com\/fr\/wp-json\/wp\/v2\/product\/14870\/revisions\/14873"}],"wp:featuredmedia":[{"embeddable":true,"href":"https:\/\/esentialaroms.com\/fr\/wp-json\/wp\/v2\/media\/14871"}],"wp:attachment":[{"href":"https:\/\/esentialaroms.com\/fr\/wp-json\/wp\/v2\/media?parent=14870"}],"wp:term":[{"taxonomy":"product_brand","embeddable":true,"href":"https:\/\/esentialaroms.com\/fr\/wp-json\/wp\/v2\/product_brand?post=14870"},{"taxonomy":"product_cat","embeddable":true,"href":"https:\/\/esentialaroms.com\/fr\/wp-json\/wp\/v2\/product_cat?post=14870"},{"taxonomy":"product_tag","embeddable":true,"href":"https:\/\/esentialaroms.com\/fr\/wp-json\/wp\/v2\/product_tag?post=14870"}],"curies":[{"name":"wp","href":"https:\/\/api.w.org\/{rel}","templated":true}]}}