{"id":14855,"date":"2026-05-07T13:55:41","date_gmt":"2026-05-07T11:55:41","guid":{"rendered":"https:\/\/esentialaroms.com\/productos\/esentialmama-aceite-estrias-2\/"},"modified":"2026-05-07T14:23:16","modified_gmt":"2026-05-07T12:23:16","slug":"esentialmama-aceite-estrias-2","status":"publish","type":"product","link":"https:\/\/esentialaroms.com\/fr\/productos\/esentialmama-aceite-estrias-2\/","title":{"rendered":"Esential&rsquo;Mama HUILE VERGETURES"},"content":{"rendered":"","protected":false},"excerpt":{"rendered":"<div>Lotion corporelle aux huiles vierges de baobab, jojoba, bourrache et rose musqu\u00e9e. Elle fournit des acides gras essentiels O-3, O-6 et O-9 et contient, de plus, extrait d\u2019algue Alaria esculenta (protectrice des fibres de collag\u00e8ne et de l\u2019\u00e9lastine), qui unit et maintient ferme le r\u00e9seau de fibres du derme, et huile de p\u00e2querette, aux propri\u00e9t\u00e9s restructurantes. &nbsp;<\/div>\n","protected":false},"featured_media":14856,"comment_status":"open","ping_status":"closed","template":"","meta":{"_acf_changed":false,"rs_blank_template":"","rs_page_bg_color":"","slide_template_v7":""},"product_brand":[],"product_cat":[536,340,322,529,473,503,506],"product_tag":[],"class_list":{"0":"post-14855","1":"product","2":"type-product","3":"status-publish","4":"has-post-thumbnail","6":"product_cat-apres-la-grossesse-et-lallaitement","7":"product_cat-besoins","8":"product_cat-familles","9":"product_cat-mama-baby","11":"product_cat-physique","12":"product_cat-soins-corporels","14":"first","15":"instock","16":"shipping-taxable","17":"purchasable","18":"product-type-simple"},"acf":[],"_links":{"self":[{"href":"https:\/\/esentialaroms.com\/fr\/wp-json\/wp\/v2\/product\/14855","targetHints":{"allow":["GET"]}}],"collection":[{"href":"https:\/\/esentialaroms.com\/fr\/wp-json\/wp\/v2\/product"}],"about":[{"href":"https:\/\/esentialaroms.com\/fr\/wp-json\/wp\/v2\/types\/product"}],"replies":[{"embeddable":true,"href":"https:\/\/esentialaroms.com\/fr\/wp-json\/wp\/v2\/comments?post=14855"}],"version-history":[{"count":1,"href":"https:\/\/esentialaroms.com\/fr\/wp-json\/wp\/v2\/product\/14855\/revisions"}],"predecessor-version":[{"id":14858,"href":"https:\/\/esentialaroms.com\/fr\/wp-json\/wp\/v2\/product\/14855\/revisions\/14858"}],"wp:featuredmedia":[{"embeddable":true,"href":"https:\/\/esentialaroms.com\/fr\/wp-json\/wp\/v2\/media\/14856"}],"wp:attachment":[{"href":"https:\/\/esentialaroms.com\/fr\/wp-json\/wp\/v2\/media?parent=14855"}],"wp:term":[{"taxonomy":"product_brand","embeddable":true,"href":"https:\/\/esentialaroms.com\/fr\/wp-json\/wp\/v2\/product_brand?post=14855"},{"taxonomy":"product_cat","embeddable":true,"href":"https:\/\/esentialaroms.com\/fr\/wp-json\/wp\/v2\/product_cat?post=14855"},{"taxonomy":"product_tag","embeddable":true,"href":"https:\/\/esentialaroms.com\/fr\/wp-json\/wp\/v2\/product_tag?post=14855"}],"curies":[{"name":"wp","href":"https:\/\/api.w.org\/{rel}","templated":true}]}}