{"id":14842,"date":"2026-05-07T13:55:39","date_gmt":"2026-05-07T11:55:39","guid":{"rendered":"https:\/\/esentialaroms.com\/productos\/esentialmama-leche-reafirmante-cuerpo-senos-2\/"},"modified":"2026-05-07T14:23:15","modified_gmt":"2026-05-07T12:23:15","slug":"esentialmama-leche-reafirmante-cuerpo-senos-2","status":"publish","type":"product","link":"https:\/\/esentialaroms.com\/fr\/productos\/esentialmama-leche-reafirmante-cuerpo-senos-2\/","title":{"rendered":"Esential&rsquo;Mama LAIT RAFFERMISSANT CORPS &#038; SEINS"},"content":{"rendered":"","protected":false},"excerpt":{"rendered":"<div>Lotion corporelle \u00e0 base de phyto-actifs raffermissants et lissants comme la Centella Asiatica, la Kigelia Africana et la marguerite, connue \u00e9galement comme p\u00e2querette. La KIGELIA AFRICANA a prouv\u00e9 dans une \u00e9tude clinique son efficacit\u00e9 pour combattre la flaccidit\u00e9 corporelle et des seins. Poss\u00e8de des propri\u00e9t\u00e9s lissantes et anti\u00e2ges. Les extraits de CENTELLA ASIATICA et de MARGUERITE unissent et maintiennent ferme le r\u00e9seau de fibres du derme et poss\u00e8dent des propri\u00e9t\u00e9s protectrices du composant \u00e9lastique de la peau. &nbsp;<\/div>\n","protected":false},"featured_media":14843,"comment_status":"open","ping_status":"closed","template":"","meta":{"_acf_changed":false,"rs_blank_template":"","rs_page_bg_color":"","slide_template_v7":""},"product_brand":[],"product_cat":[536,340,322,473,529],"product_tag":[],"class_list":{"0":"post-14842","1":"product","2":"type-product","3":"status-publish","4":"has-post-thumbnail","6":"product_cat-apres-la-grossesse-et-lallaitement","7":"product_cat-besoins","8":"product_cat-familles","9":"product_cat-mama-baby","12":"first","13":"instock","14":"shipping-taxable","15":"purchasable","16":"product-type-simple"},"acf":[],"_links":{"self":[{"href":"https:\/\/esentialaroms.com\/fr\/wp-json\/wp\/v2\/product\/14842","targetHints":{"allow":["GET"]}}],"collection":[{"href":"https:\/\/esentialaroms.com\/fr\/wp-json\/wp\/v2\/product"}],"about":[{"href":"https:\/\/esentialaroms.com\/fr\/wp-json\/wp\/v2\/types\/product"}],"replies":[{"embeddable":true,"href":"https:\/\/esentialaroms.com\/fr\/wp-json\/wp\/v2\/comments?post=14842"}],"version-history":[{"count":1,"href":"https:\/\/esentialaroms.com\/fr\/wp-json\/wp\/v2\/product\/14842\/revisions"}],"predecessor-version":[{"id":14844,"href":"https:\/\/esentialaroms.com\/fr\/wp-json\/wp\/v2\/product\/14842\/revisions\/14844"}],"wp:featuredmedia":[{"embeddable":true,"href":"https:\/\/esentialaroms.com\/fr\/wp-json\/wp\/v2\/media\/14843"}],"wp:attachment":[{"href":"https:\/\/esentialaroms.com\/fr\/wp-json\/wp\/v2\/media?parent=14842"}],"wp:term":[{"taxonomy":"product_brand","embeddable":true,"href":"https:\/\/esentialaroms.com\/fr\/wp-json\/wp\/v2\/product_brand?post=14842"},{"taxonomy":"product_cat","embeddable":true,"href":"https:\/\/esentialaroms.com\/fr\/wp-json\/wp\/v2\/product_cat?post=14842"},{"taxonomy":"product_tag","embeddable":true,"href":"https:\/\/esentialaroms.com\/fr\/wp-json\/wp\/v2\/product_tag?post=14842"}],"curies":[{"name":"wp","href":"https:\/\/api.w.org\/{rel}","templated":true}]}}