{"id":14829,"date":"2026-05-07T13:55:35","date_gmt":"2026-05-07T11:55:35","guid":{"rendered":"https:\/\/esentialaroms.com\/productos\/esentialbaby-crema-de-panal-2\/"},"modified":"2026-05-07T14:23:15","modified_gmt":"2026-05-07T12:23:15","slug":"esentialbaby-crema-de-panal-2","status":"publish","type":"product","link":"https:\/\/esentialaroms.com\/fr\/productos\/esentialbaby-crema-de-panal-2\/","title":{"rendered":"Esential&rsquo;Baby CR\u00c8ME POUR LE CHANGE"},"content":{"rendered":"","protected":false},"excerpt":{"rendered":"<div>Elle prot\u00e8ge contre les irritations et soulage la peau rougie d\u00e8s le premier jour. Prend soin de la zone d\u00e9licate de la couche \u00e0 base d\u2019ingr\u00e9dients \u00e9cologiques. Forme un film naturel non occlusif qui pr\u00e9vient de l\u2019humidit\u00e9 et fournit un effet d\u00e9sodorisant naturel obtenu gr\u00e2ce \u00e0 un probiotique. &nbsp;<\/div>\n","protected":false},"featured_media":14830,"comment_status":"open","ping_status":"closed","template":"","meta":{"_acf_changed":false,"rs_blank_template":"","rs_page_bg_color":"","slide_template_v7":""},"product_brand":[],"product_cat":[533,340,322,473,529],"product_tag":[],"class_list":{"0":"post-14829","1":"product","2":"type-product","3":"status-publish","4":"has-post-thumbnail","6":"product_cat-bebe","7":"product_cat-besoins","8":"product_cat-familles","9":"product_cat-mama-baby","12":"first","13":"instock","14":"shipping-taxable","15":"purchasable","16":"product-type-simple"},"acf":[],"_links":{"self":[{"href":"https:\/\/esentialaroms.com\/fr\/wp-json\/wp\/v2\/product\/14829","targetHints":{"allow":["GET"]}}],"collection":[{"href":"https:\/\/esentialaroms.com\/fr\/wp-json\/wp\/v2\/product"}],"about":[{"href":"https:\/\/esentialaroms.com\/fr\/wp-json\/wp\/v2\/types\/product"}],"replies":[{"embeddable":true,"href":"https:\/\/esentialaroms.com\/fr\/wp-json\/wp\/v2\/comments?post=14829"}],"version-history":[{"count":1,"href":"https:\/\/esentialaroms.com\/fr\/wp-json\/wp\/v2\/product\/14829\/revisions"}],"predecessor-version":[{"id":14832,"href":"https:\/\/esentialaroms.com\/fr\/wp-json\/wp\/v2\/product\/14829\/revisions\/14832"}],"wp:featuredmedia":[{"embeddable":true,"href":"https:\/\/esentialaroms.com\/fr\/wp-json\/wp\/v2\/media\/14830"}],"wp:attachment":[{"href":"https:\/\/esentialaroms.com\/fr\/wp-json\/wp\/v2\/media?parent=14829"}],"wp:term":[{"taxonomy":"product_brand","embeddable":true,"href":"https:\/\/esentialaroms.com\/fr\/wp-json\/wp\/v2\/product_brand?post=14829"},{"taxonomy":"product_cat","embeddable":true,"href":"https:\/\/esentialaroms.com\/fr\/wp-json\/wp\/v2\/product_cat?post=14829"},{"taxonomy":"product_tag","embeddable":true,"href":"https:\/\/esentialaroms.com\/fr\/wp-json\/wp\/v2\/product_tag?post=14829"}],"curies":[{"name":"wp","href":"https:\/\/api.w.org\/{rel}","templated":true}]}}