{"id":14816,"date":"2026-05-07T13:55:33","date_gmt":"2026-05-07T11:55:33","guid":{"rendered":"https:\/\/esentialaroms.com\/productos\/esentialbaby-leche-corporal-2\/"},"modified":"2026-05-07T14:23:15","modified_gmt":"2026-05-07T12:23:15","slug":"esentialbaby-leche-corporal-2","status":"publish","type":"product","link":"https:\/\/esentialaroms.com\/fr\/productos\/esentialbaby-leche-corporal-2\/","title":{"rendered":"Esential&rsquo;Baby LAIT CORPOREL"},"content":{"rendered":"","protected":false},"excerpt":{"rendered":"<div>Lait corporel doux, con\u00e7u pour une bonne hydratation de la peau du b\u00e9b\u00e9 et pour pr\u00e9venir l\u2019\u00e9vaporation de l\u2019eau, en renfor\u00e7ant la fonction barri\u00e8re de la peau, de fa\u00e7on totalement naturelle. &nbsp;<\/div>\n","protected":false},"featured_media":14817,"comment_status":"open","ping_status":"closed","template":"","meta":{"_acf_changed":false,"rs_blank_template":"","rs_page_bg_color":"","slide_template_v7":""},"product_brand":[],"product_cat":[533,340,322,473,529],"product_tag":[],"class_list":{"0":"post-14816","1":"product","2":"type-product","3":"status-publish","4":"has-post-thumbnail","6":"product_cat-bebe","7":"product_cat-besoins","8":"product_cat-familles","9":"product_cat-mama-baby","12":"first","13":"instock","14":"shipping-taxable","15":"purchasable","16":"product-type-simple"},"acf":[],"_links":{"self":[{"href":"https:\/\/esentialaroms.com\/fr\/wp-json\/wp\/v2\/product\/14816","targetHints":{"allow":["GET"]}}],"collection":[{"href":"https:\/\/esentialaroms.com\/fr\/wp-json\/wp\/v2\/product"}],"about":[{"href":"https:\/\/esentialaroms.com\/fr\/wp-json\/wp\/v2\/types\/product"}],"replies":[{"embeddable":true,"href":"https:\/\/esentialaroms.com\/fr\/wp-json\/wp\/v2\/comments?post=14816"}],"version-history":[{"count":1,"href":"https:\/\/esentialaroms.com\/fr\/wp-json\/wp\/v2\/product\/14816\/revisions"}],"predecessor-version":[{"id":14818,"href":"https:\/\/esentialaroms.com\/fr\/wp-json\/wp\/v2\/product\/14816\/revisions\/14818"}],"wp:featuredmedia":[{"embeddable":true,"href":"https:\/\/esentialaroms.com\/fr\/wp-json\/wp\/v2\/media\/14817"}],"wp:attachment":[{"href":"https:\/\/esentialaroms.com\/fr\/wp-json\/wp\/v2\/media?parent=14816"}],"wp:term":[{"taxonomy":"product_brand","embeddable":true,"href":"https:\/\/esentialaroms.com\/fr\/wp-json\/wp\/v2\/product_brand?post=14816"},{"taxonomy":"product_cat","embeddable":true,"href":"https:\/\/esentialaroms.com\/fr\/wp-json\/wp\/v2\/product_cat?post=14816"},{"taxonomy":"product_tag","embeddable":true,"href":"https:\/\/esentialaroms.com\/fr\/wp-json\/wp\/v2\/product_tag?post=14816"}],"curies":[{"name":"wp","href":"https:\/\/api.w.org\/{rel}","templated":true}]}}