{"id":14016,"date":"2026-05-07T13:31:09","date_gmt":"2026-05-07T11:31:09","guid":{"rendered":"https:\/\/esentialaroms.com\/productos\/aceite-de-masaje-energy-1-litro-2\/"},"modified":"2026-05-07T14:22:51","modified_gmt":"2026-05-07T12:22:51","slug":"aceite-de-masaje-energy-1-litro-2","status":"publish","type":"product","link":"https:\/\/esentialaroms.com\/fr\/productos\/aceite-de-masaje-energy-1-litro-2\/","title":{"rendered":"Huile de massage ENERGY 1 litre"},"content":{"rendered":"<div>Le massage aromath\u00e9rapeutique est une opportunit\u00e9 de transformation personnelle, un outil unique pour la sant\u00e9 du corps et de l&rsquo;esprit. Gr\u00e2ce \u00e0 l&rsquo;auto-massage aromath\u00e9rapeutique anti-fatigue, nous allons essayer d&rsquo;activer l&rsquo;\u00e9nergie vitale, d&rsquo;\u00e9liminer la fatigue et de favoriser la bonne humeur. Activez-vous le matin&#8230; massez votre corps en le frictionnant avec l&rsquo;huile de massage aromatique anti-fatigue. &nbsp;<\/div>\n","protected":false},"excerpt":{"rendered":"<div>Elle active l&rsquo;\u00e9nergie vitale, \u00e9limine la fatigue et favorise la bonne humeur. &nbsp;<\/div>\n<div>L&rsquo;huile de massage aromath\u00e9rapeutique ENERGY contient des essences provenant d&rsquo;\u00e9corces d&rsquo;agrumes : orange, mandarine, pamplemousse et citron vert. Toutes sont associ\u00e9es \u00e0 une synergie d&rsquo;huiles v\u00e9g\u00e9tales vierges de premi\u00e8re pression \u00e0 froid d&rsquo;amandes douces, de noisettes, de s\u00e9same et de tournesol. &nbsp;<\/div>\n","protected":false},"featured_media":14017,"comment_status":"open","ping_status":"closed","template":"","meta":{"_acf_changed":false,"rs_blank_template":"","rs_page_bg_color":"","slide_template_v7":""},"product_brand":[],"product_cat":[340,322,367,480,364],"product_tag":[],"class_list":{"0":"post-14016","1":"product","2":"type-product","3":"status-publish","4":"has-post-thumbnail","6":"product_cat-besoins","7":"product_cat-familles","8":"product_cat-massage-anti-stress-et-anti-fatigue","9":"product_cat-massage-oil","10":"product_cat-massages-therapeutiques","12":"first","13":"instock","14":"shipping-taxable","15":"purchasable","16":"product-type-simple"},"acf":[],"_links":{"self":[{"href":"https:\/\/esentialaroms.com\/fr\/wp-json\/wp\/v2\/product\/14016","targetHints":{"allow":["GET"]}}],"collection":[{"href":"https:\/\/esentialaroms.com\/fr\/wp-json\/wp\/v2\/product"}],"about":[{"href":"https:\/\/esentialaroms.com\/fr\/wp-json\/wp\/v2\/types\/product"}],"replies":[{"embeddable":true,"href":"https:\/\/esentialaroms.com\/fr\/wp-json\/wp\/v2\/comments?post=14016"}],"version-history":[{"count":1,"href":"https:\/\/esentialaroms.com\/fr\/wp-json\/wp\/v2\/product\/14016\/revisions"}],"predecessor-version":[{"id":14018,"href":"https:\/\/esentialaroms.com\/fr\/wp-json\/wp\/v2\/product\/14016\/revisions\/14018"}],"wp:featuredmedia":[{"embeddable":true,"href":"https:\/\/esentialaroms.com\/fr\/wp-json\/wp\/v2\/media\/14017"}],"wp:attachment":[{"href":"https:\/\/esentialaroms.com\/fr\/wp-json\/wp\/v2\/media?parent=14016"}],"wp:term":[{"taxonomy":"product_brand","embeddable":true,"href":"https:\/\/esentialaroms.com\/fr\/wp-json\/wp\/v2\/product_brand?post=14016"},{"taxonomy":"product_cat","embeddable":true,"href":"https:\/\/esentialaroms.com\/fr\/wp-json\/wp\/v2\/product_cat?post=14016"},{"taxonomy":"product_tag","embeddable":true,"href":"https:\/\/esentialaroms.com\/fr\/wp-json\/wp\/v2\/product_tag?post=14016"}],"curies":[{"name":"wp","href":"https:\/\/api.w.org\/{rel}","templated":true}]}}