{"id":14005,"date":"2026-05-07T13:31:07","date_gmt":"2026-05-07T11:31:07","guid":{"rendered":"https:\/\/esentialaroms.com\/productos\/aceite-vegetal-virgen-de-comino-negro-nigella-sativa-bio-500-ml-2\/"},"modified":"2026-05-07T14:22:51","modified_gmt":"2026-05-07T12:22:51","slug":"aceite-vegetal-virgen-de-comino-negro-nigella-sativa-bio-500-ml-2","status":"publish","type":"product","link":"https:\/\/esentialaroms.com\/fr\/productos\/aceite-vegetal-virgen-de-comino-negro-nigella-sativa-bio-500-ml-2\/","title":{"rendered":"Huile v\u00e9g\u00e9tale vierge de CUMIN NOIR (Nigella sativa) BIO 500 ml"},"content":{"rendered":"","protected":false},"excerpt":{"rendered":"<div>Compl\u00e9ment alimentaire \u00e0 base d\u2019huile vierge de cumin noir. Source de ?-6 et ?-9. &nbsp;<\/div>\n<div>L&rsquo;huile v\u00e9g\u00e9tale vierge EXTRA est chaude, aromatique et am\u00e8re ; elle se distingue par sa richesse en acides gras essentiels 75 % (?6 : 60 % et ?9 : 25 %) ; elle contient \u00e9galement 1,4 % de mol\u00e9cules qui font partie de son huile essentielle, telles que la nigellone, la thymoquinone, etc. &nbsp;<\/div>\n","protected":false},"featured_media":14006,"comment_status":"open","ping_status":"closed","template":"","meta":{"_acf_changed":false,"rs_blank_template":"","rs_page_bg_color":"","slide_template_v7":""},"product_brand":[],"product_cat":[307,310],"product_tag":[],"class_list":{"0":"post-14005","1":"product","2":"type-product","3":"status-publish","4":"has-post-thumbnail","6":"product_cat-aromatherapie","7":"product_cat-huiles-vegetales","9":"first","10":"instock","11":"shipping-taxable","12":"purchasable","13":"product-type-simple"},"acf":[],"_links":{"self":[{"href":"https:\/\/esentialaroms.com\/fr\/wp-json\/wp\/v2\/product\/14005","targetHints":{"allow":["GET"]}}],"collection":[{"href":"https:\/\/esentialaroms.com\/fr\/wp-json\/wp\/v2\/product"}],"about":[{"href":"https:\/\/esentialaroms.com\/fr\/wp-json\/wp\/v2\/types\/product"}],"replies":[{"embeddable":true,"href":"https:\/\/esentialaroms.com\/fr\/wp-json\/wp\/v2\/comments?post=14005"}],"version-history":[{"count":1,"href":"https:\/\/esentialaroms.com\/fr\/wp-json\/wp\/v2\/product\/14005\/revisions"}],"predecessor-version":[{"id":14007,"href":"https:\/\/esentialaroms.com\/fr\/wp-json\/wp\/v2\/product\/14005\/revisions\/14007"}],"wp:featuredmedia":[{"embeddable":true,"href":"https:\/\/esentialaroms.com\/fr\/wp-json\/wp\/v2\/media\/14006"}],"wp:attachment":[{"href":"https:\/\/esentialaroms.com\/fr\/wp-json\/wp\/v2\/media?parent=14005"}],"wp:term":[{"taxonomy":"product_brand","embeddable":true,"href":"https:\/\/esentialaroms.com\/fr\/wp-json\/wp\/v2\/product_brand?post=14005"},{"taxonomy":"product_cat","embeddable":true,"href":"https:\/\/esentialaroms.com\/fr\/wp-json\/wp\/v2\/product_cat?post=14005"},{"taxonomy":"product_tag","embeddable":true,"href":"https:\/\/esentialaroms.com\/fr\/wp-json\/wp\/v2\/product_tag?post=14005"}],"curies":[{"name":"wp","href":"https:\/\/api.w.org\/{rel}","templated":true}]}}