{"id":13996,"date":"2026-05-07T13:31:05","date_gmt":"2026-05-07T11:31:05","guid":{"rendered":"https:\/\/esentialaroms.com\/productos\/aceite-vegetal-virgen-de-baobab-adansonia-digitata-bio-500-ml-2\/"},"modified":"2026-05-07T14:22:51","modified_gmt":"2026-05-07T12:22:51","slug":"aceite-vegetal-virgen-de-baobab-adansonia-digitata-bio-500-ml-2","status":"publish","type":"product","link":"https:\/\/esentialaroms.com\/fr\/productos\/aceite-vegetal-virgen-de-baobab-adansonia-digitata-bio-500-ml-2\/","title":{"rendered":"Huile v\u00e9g\u00e9tale vierge de BAOBAB (Adansonia digitata) BIO 500 ml"},"content":{"rendered":"","protected":false},"excerpt":{"rendered":"<div>L\u2019huile vi\u00e8rge de baobab BIO du S\u00e9n\u00e9gal provient des graines de l\u2019arbre mythique du m\u00eame nom, connu pour sa long\u00e9vit\u00e9 (3.000 ans). Elle est utilis\u00e9e pour le soin de la peau depuis des si\u00e8cles et contient 40% d\u2019acides gras essentiels : 35% d\u2019acide ol\u00e9ique (O-9), 30% d\u2019acide linol\u00e9nique (O-6) et 5% d\u2019acide a-linol\u00e9nique (O-3 v\u00e9g\u00e9tal). De plus, elle contient naturellement des vitamines A, D et E, aux propri\u00e9t\u00e9s hautement hydratantes et \u00e9mollientes pour la peau et les cheveux. Cette huile est rapidement absorb\u00e9e sans laisser de r\u00e9sidu gras, augmente l\u2019\u00e9lasticit\u00e9 de la peau, stimule la r\u00e9g\u00e9n\u00e9ration cellulaire, n\u2019obstrue pas les pores, calme et adoucit la peau. &nbsp;<\/div>\n","protected":false},"featured_media":14119,"comment_status":"open","ping_status":"closed","template":"","meta":{"_acf_changed":false,"rs_blank_template":"","rs_page_bg_color":"","slide_template_v7":""},"product_brand":[],"product_cat":[307,310],"product_tag":[],"class_list":{"0":"post-13996","1":"product","2":"type-product","3":"status-publish","4":"has-post-thumbnail","6":"product_cat-aromatherapie","7":"product_cat-huiles-vegetales","9":"first","10":"instock","11":"shipping-taxable","12":"purchasable","13":"product-type-simple"},"acf":[],"_links":{"self":[{"href":"https:\/\/esentialaroms.com\/fr\/wp-json\/wp\/v2\/product\/13996","targetHints":{"allow":["GET"]}}],"collection":[{"href":"https:\/\/esentialaroms.com\/fr\/wp-json\/wp\/v2\/product"}],"about":[{"href":"https:\/\/esentialaroms.com\/fr\/wp-json\/wp\/v2\/types\/product"}],"replies":[{"embeddable":true,"href":"https:\/\/esentialaroms.com\/fr\/wp-json\/wp\/v2\/comments?post=13996"}],"version-history":[{"count":1,"href":"https:\/\/esentialaroms.com\/fr\/wp-json\/wp\/v2\/product\/13996\/revisions"}],"predecessor-version":[{"id":13997,"href":"https:\/\/esentialaroms.com\/fr\/wp-json\/wp\/v2\/product\/13996\/revisions\/13997"}],"wp:featuredmedia":[{"embeddable":true,"href":"https:\/\/esentialaroms.com\/fr\/wp-json\/wp\/v2\/media\/14119"}],"wp:attachment":[{"href":"https:\/\/esentialaroms.com\/fr\/wp-json\/wp\/v2\/media?parent=13996"}],"wp:term":[{"taxonomy":"product_brand","embeddable":true,"href":"https:\/\/esentialaroms.com\/fr\/wp-json\/wp\/v2\/product_brand?post=13996"},{"taxonomy":"product_cat","embeddable":true,"href":"https:\/\/esentialaroms.com\/fr\/wp-json\/wp\/v2\/product_cat?post=13996"},{"taxonomy":"product_tag","embeddable":true,"href":"https:\/\/esentialaroms.com\/fr\/wp-json\/wp\/v2\/product_tag?post=13996"}],"curies":[{"name":"wp","href":"https:\/\/api.w.org\/{rel}","templated":true}]}}