{"id":13163,"date":"2026-05-07T13:11:59","date_gmt":"2026-05-07T11:11:59","guid":{"rendered":"https:\/\/esentialaroms.com\/productos\/aceite-esencial-naranjo-amargo-bio-10-ml-2\/"},"modified":"2026-05-07T14:22:24","modified_gmt":"2026-05-07T12:22:24","slug":"aceite-esencial-naranjo-amargo-bio-10-ml-2","status":"publish","type":"product","link":"https:\/\/esentialaroms.com\/fr\/productos\/aceite-esencial-naranjo-amargo-bio-10-ml-2\/","title":{"rendered":"Huile essentielle ORANGER AMER &#8211; PGB BIO 10 ml"},"content":{"rendered":"<div>Les huiles essentielles d\u2019ESENTIAL\u2019AR\u00d4MS sont des produits de tr\u00e8s bonne qualit\u00e9, 100% pures et naturelles du fait du processus de s\u00e9lection, de fabrication et de contr\u00f4le de celles-ci. &nbsp;<\/div>\n<div>Vous venez d\u2019acheter une Huile Essentielle H.E.B.B.D., c\u2019est \u00e0 dire une Huile Essentielle Botaniquement et Biochimiquement D\u00e9finie. Il s\u2019agit en r\u00e9alit\u00e9 d\u2019une huile essentielle 100% pure et naturelle, qui est obtenue de la distillation compl\u00e8te par extraction de vapeur (sans utilisation d\u2019aucun produit chimique pour son extraction) et apr\u00e8s avoir \u00e9t\u00e9 soumise \u00e0 des contr\u00f4les qualit\u00e9 rigoureux. Les colorants ne sont pas davantage utilis\u00e9s, aucun processus de d\u00e9terp\u00e9nation, rectification ou redistillation n\u2019est appliqu\u00e9. &nbsp;<\/div>\n<div><\/div>\n<div>S\u00c9LECTION DES HUILES ESSENTIELLES &nbsp;<\/div>\n<div>Les huiles essentielles propos\u00e9es par Esential\u2019Ar\u00f4ms se caract\u00e9risent par le fait qu\u2019elles sont des Huiles Essentielles Botaniquement et Biochimiquement D\u00e9finies (H.E.B.B.D.). Ceci signifie que chacune d\u2019entre elles a \u00e9t\u00e9 s\u00e9lectionn\u00e9e en fonction des param\u00e8tres suivants : &nbsp;<\/div>\n<div>1. Esp\u00e8ce botanique : les plantes utilis\u00e9es sont class\u00e9es botaniquement, nous pouvons donc dire sans aucun doute l\u2019esp\u00e8ce bota\u00acnique en fonction de la no-menclature internationale. &nbsp;<\/div>\n<div>2. Organe producteur (o. p.) : toutes les parties de la plante n\u2019ont pas la m\u00eame composition, il est donc n\u00e9cessaire de choisir l\u2019organe (racine, graine, feuilles\u2026) qui apr\u00e8s distillation contiendra les substances caract\u00e9ristiques. &nbsp;<\/div>\n<div>3. Sp\u00e9cificit\u00e9 biochimique (s. b.) ou CH\u00c9MOTYPE : apr\u00e8s la distillation de l\u2019huile essentielle, il est n\u00e9cessaire de v\u00e9rifier sa composition chimique qui caract\u00e9rise son utilisation. La v\u00e9rification du bon biotype choisi se fait dans le cadre d\u2019une analyse par chromatographie gazeuse coupl\u00e9e \u00e0 la spectrophotom\u00e9trie de masse. &nbsp;<\/div>\n<div>4. Biotype : en fonction de l\u2019habitat o\u00f9 se d\u00e9veloppe l\u2019esp\u00e8ce botanique (type de terrain, altitude&#8230;) la composition de l\u2019huile essentielle peut varier, la d\u00e9finition du ch\u00e9motype est donc une \u00e9tape essentielle. &nbsp;<\/div>\n","protected":false},"excerpt":{"rendered":"<div>Huile essentielle 100% naturelle. &nbsp;<\/div>\n<div>Compl\u00e9ment alimentaire. &nbsp;<\/div>\n","protected":false},"featured_media":13164,"comment_status":"open","ping_status":"closed","template":"","meta":{"_acf_changed":false,"rs_blank_template":"","rs_page_bg_color":"","slide_template_v7":""},"product_brand":[],"product_cat":[307,340,419,367,364],"product_tag":[],"class_list":{"0":"post-13163","1":"product","2":"type-product","3":"status-publish","4":"has-post-thumbnail","6":"product_cat-aromatherapie","7":"product_cat-besoins","8":"product_cat-huiles-essentielles","9":"product_cat-massage-anti-stress-et-anti-fatigue","10":"product_cat-massages-therapeutiques","12":"first","13":"instock","14":"shipping-taxable","15":"purchasable","16":"product-type-simple"},"acf":[],"_links":{"self":[{"href":"https:\/\/esentialaroms.com\/fr\/wp-json\/wp\/v2\/product\/13163","targetHints":{"allow":["GET"]}}],"collection":[{"href":"https:\/\/esentialaroms.com\/fr\/wp-json\/wp\/v2\/product"}],"about":[{"href":"https:\/\/esentialaroms.com\/fr\/wp-json\/wp\/v2\/types\/product"}],"replies":[{"embeddable":true,"href":"https:\/\/esentialaroms.com\/fr\/wp-json\/wp\/v2\/comments?post=13163"}],"version-history":[{"count":1,"href":"https:\/\/esentialaroms.com\/fr\/wp-json\/wp\/v2\/product\/13163\/revisions"}],"predecessor-version":[{"id":13166,"href":"https:\/\/esentialaroms.com\/fr\/wp-json\/wp\/v2\/product\/13163\/revisions\/13166"}],"wp:featuredmedia":[{"embeddable":true,"href":"https:\/\/esentialaroms.com\/fr\/wp-json\/wp\/v2\/media\/13164"}],"wp:attachment":[{"href":"https:\/\/esentialaroms.com\/fr\/wp-json\/wp\/v2\/media?parent=13163"}],"wp:term":[{"taxonomy":"product_brand","embeddable":true,"href":"https:\/\/esentialaroms.com\/fr\/wp-json\/wp\/v2\/product_brand?post=13163"},{"taxonomy":"product_cat","embeddable":true,"href":"https:\/\/esentialaroms.com\/fr\/wp-json\/wp\/v2\/product_cat?post=13163"},{"taxonomy":"product_tag","embeddable":true,"href":"https:\/\/esentialaroms.com\/fr\/wp-json\/wp\/v2\/product_tag?post=13163"}],"curies":[{"name":"wp","href":"https:\/\/api.w.org\/{rel}","templated":true}]}}