{"id":13091,"date":"2026-05-07T13:11:37","date_gmt":"2026-05-07T11:11:37","guid":{"rendered":"https:\/\/esentialaroms.com\/productos\/champu-para-el-cuidado-capilar-2\/"},"modified":"2026-05-07T14:22:23","modified_gmt":"2026-05-07T12:22:23","slug":"champu-para-el-cuidado-capilar-2","status":"publish","type":"product","link":"https:\/\/esentialaroms.com\/fr\/productos\/champu-para-el-cuidado-capilar-2\/","title":{"rendered":"SHAMPOOING POUR LE SOIN DES CHEVEUX"},"content":{"rendered":"<div>Shampooing \u00e9labor\u00e9 \u00e0 partir de mati\u00e8res premi\u00e8res naturelles et d&rsquo;origine naturelle. Contient de l&rsquo;huile essentielle d&rsquo;arbre \u00e0 th\u00e9 100 % pure et naturelle (botaniquement et biochimiquement d\u00e9finie). Les \u00e9mulsifiants utilis\u00e9s sont d&rsquo;origine naturelle. &nbsp;<\/div>\n<div>Produit biod\u00e9gradable. Ne contient pas : d&rsquo;ar\u00f4mes synth\u00e9tiques, de colorants artificiels, de PEG, de phtalates, de silicones, de paraffine ni de parab\u00e8nes. &nbsp;<\/div>\n","protected":false},"excerpt":{"rendered":"<div>Shampooing pour le soin capillaire et la pr\u00e9vention des cheveux des enfants d&rsquo;\u00e2ge scolaire. &nbsp;<\/div>\n<div>Contient huile essentielle d\u2019arbre \u00e0 th\u00e9 100% pure et naturelle (botaniquement et biochimiquement d\u00e9finie).  Les \u00e9mulsifiants utilis\u00e9s sont d\u2019origine naturelle.  Produit biodegradable.  Sans ar\u00f4mes de synth\u00e8se, sans colorants artificiels, sans peg, sans phtalates, sans silicones, sans paraffine, sans parab\u00e8nes. &nbsp;<\/div>\n","protected":false},"featured_media":13092,"comment_status":"open","ping_status":"closed","template":"","meta":{"_acf_changed":false,"rs_blank_template":"","rs_page_bg_color":"","slide_template_v7":""},"product_brand":[],"product_cat":[340,494,322,468,551,545,500],"product_tag":[],"class_list":{"0":"post-13091","1":"product","2":"type-product","3":"status-publish","4":"has-post-thumbnail","6":"product_cat-besoins","7":"product_cat-capillaire","8":"product_cat-familles","9":"product_cat-kids-esential","10":"product_cat-poux","11":"product_cat-repulsifs-naturels","12":"product_cat-soins-capillaires-pour-enfants","14":"first","15":"instock","16":"shipping-taxable","17":"purchasable","18":"product-type-simple"},"acf":[],"_links":{"self":[{"href":"https:\/\/esentialaroms.com\/fr\/wp-json\/wp\/v2\/product\/13091","targetHints":{"allow":["GET"]}}],"collection":[{"href":"https:\/\/esentialaroms.com\/fr\/wp-json\/wp\/v2\/product"}],"about":[{"href":"https:\/\/esentialaroms.com\/fr\/wp-json\/wp\/v2\/types\/product"}],"replies":[{"embeddable":true,"href":"https:\/\/esentialaroms.com\/fr\/wp-json\/wp\/v2\/comments?post=13091"}],"version-history":[{"count":1,"href":"https:\/\/esentialaroms.com\/fr\/wp-json\/wp\/v2\/product\/13091\/revisions"}],"predecessor-version":[{"id":13094,"href":"https:\/\/esentialaroms.com\/fr\/wp-json\/wp\/v2\/product\/13091\/revisions\/13094"}],"wp:featuredmedia":[{"embeddable":true,"href":"https:\/\/esentialaroms.com\/fr\/wp-json\/wp\/v2\/media\/13092"}],"wp:attachment":[{"href":"https:\/\/esentialaroms.com\/fr\/wp-json\/wp\/v2\/media?parent=13091"}],"wp:term":[{"taxonomy":"product_brand","embeddable":true,"href":"https:\/\/esentialaroms.com\/fr\/wp-json\/wp\/v2\/product_brand?post=13091"},{"taxonomy":"product_cat","embeddable":true,"href":"https:\/\/esentialaroms.com\/fr\/wp-json\/wp\/v2\/product_cat?post=13091"},{"taxonomy":"product_tag","embeddable":true,"href":"https:\/\/esentialaroms.com\/fr\/wp-json\/wp\/v2\/product_tag?post=13091"}],"curies":[{"name":"wp","href":"https:\/\/api.w.org\/{rel}","templated":true}]}}