{"id":13076,"date":"2026-05-07T13:11:28","date_gmt":"2026-05-07T11:11:28","guid":{"rendered":"https:\/\/esentialaroms.com\/productos\/locion-para-el-cuidado-capilar-2\/"},"modified":"2026-05-07T14:22:22","modified_gmt":"2026-05-07T12:22:22","slug":"locion-para-el-cuidado-capilar-2","status":"publish","type":"product","link":"https:\/\/esentialaroms.com\/fr\/productos\/locion-para-el-cuidado-capilar-2\/","title":{"rendered":"LOTION POUR LE SOIN DES CHEVEUX"},"content":{"rendered":"<div>Produit \u00e9labor\u00e9 \u00e0 partir de mati\u00e8res premi\u00e8res naturelles : eaux florales et huiles essentielles 100 % naturelles, botaniquement et biochimiquement d\u00e9finies. &nbsp;<\/div>\n<div>Produit biod\u00e9gradable. Ne contient pas d&rsquo;ar\u00f4mes synth\u00e9tiques, ni de colorants artificiels, ni de phtalates, ni de silicones, ni de paraffine, ni de parab\u00e8nes. &nbsp;<\/div>\n","protected":false},"excerpt":{"rendered":"<div>Lotion pour le soin des cheveux, qui aide \u00e0 lutter contre les poux et les lentes. &nbsp;<\/div>\n","protected":false},"featured_media":13077,"comment_status":"open","ping_status":"closed","template":"","meta":{"_acf_changed":false,"rs_blank_template":"","rs_page_bg_color":"","slide_template_v7":""},"product_brand":[],"product_cat":[340,494,322,468,551,545,500],"product_tag":[],"class_list":{"0":"post-13076","1":"product","2":"type-product","3":"status-publish","4":"has-post-thumbnail","6":"product_cat-besoins","7":"product_cat-capillaire","8":"product_cat-familles","9":"product_cat-kids-esential","10":"product_cat-poux","11":"product_cat-repulsifs-naturels","12":"product_cat-soins-capillaires-pour-enfants","14":"first","15":"instock","16":"shipping-taxable","17":"purchasable","18":"product-type-simple"},"acf":[],"_links":{"self":[{"href":"https:\/\/esentialaroms.com\/fr\/wp-json\/wp\/v2\/product\/13076","targetHints":{"allow":["GET"]}}],"collection":[{"href":"https:\/\/esentialaroms.com\/fr\/wp-json\/wp\/v2\/product"}],"about":[{"href":"https:\/\/esentialaroms.com\/fr\/wp-json\/wp\/v2\/types\/product"}],"replies":[{"embeddable":true,"href":"https:\/\/esentialaroms.com\/fr\/wp-json\/wp\/v2\/comments?post=13076"}],"version-history":[{"count":1,"href":"https:\/\/esentialaroms.com\/fr\/wp-json\/wp\/v2\/product\/13076\/revisions"}],"predecessor-version":[{"id":13079,"href":"https:\/\/esentialaroms.com\/fr\/wp-json\/wp\/v2\/product\/13076\/revisions\/13079"}],"wp:featuredmedia":[{"embeddable":true,"href":"https:\/\/esentialaroms.com\/fr\/wp-json\/wp\/v2\/media\/13077"}],"wp:attachment":[{"href":"https:\/\/esentialaroms.com\/fr\/wp-json\/wp\/v2\/media?parent=13076"}],"wp:term":[{"taxonomy":"product_brand","embeddable":true,"href":"https:\/\/esentialaroms.com\/fr\/wp-json\/wp\/v2\/product_brand?post=13076"},{"taxonomy":"product_cat","embeddable":true,"href":"https:\/\/esentialaroms.com\/fr\/wp-json\/wp\/v2\/product_cat?post=13076"},{"taxonomy":"product_tag","embeddable":true,"href":"https:\/\/esentialaroms.com\/fr\/wp-json\/wp\/v2\/product_tag?post=13076"}],"curies":[{"name":"wp","href":"https:\/\/api.w.org\/{rel}","templated":true}]}}