{"id":13031,"date":"2026-05-07T13:10:58","date_gmt":"2026-05-07T11:10:58","guid":{"rendered":"https:\/\/esentialaroms.com\/productos\/esential-pic-antimoskit-2\/"},"modified":"2026-05-07T14:22:21","modified_gmt":"2026-05-07T12:22:21","slug":"esential-pic-antimoskit-2","status":"publish","type":"product","link":"https:\/\/esentialaroms.com\/fr\/productos\/esential-pic-antimoskit-2\/","title":{"rendered":"Esential Pic ANTIMOSKIT"},"content":{"rendered":"<div>Roll-on de citronnelle &nbsp;<\/div>\n","protected":false},"excerpt":{"rendered":"<div>Roll-on \u00e0 appliquer sur la piq\u00fbre de moustique et sur la peau des zones expos\u00e9es. Lorsque vous allez \u00e0 la campagne ou en excursion, il suffit d&rsquo;appliquer une ligne sur chaque bras et chaque jambe. &nbsp;<\/div>\n","protected":false},"featured_media":13032,"comment_status":"open","ping_status":"closed","template":"","meta":{"_acf_changed":false,"rs_blank_template":"","rs_page_bg_color":"","slide_template_v7":""},"product_brand":[],"product_cat":[448,340,322,548,545],"product_tag":[],"class_list":{"0":"post-13031","1":"product","2":"type-product","3":"status-publish","4":"has-post-thumbnail","6":"product_cat-anti-moustiques","7":"product_cat-besoins","8":"product_cat-familles","9":"product_cat-moustiques","10":"product_cat-repulsifs-naturels","12":"first","13":"instock","14":"shipping-taxable","15":"purchasable","16":"product-type-simple"},"acf":[],"_links":{"self":[{"href":"https:\/\/esentialaroms.com\/fr\/wp-json\/wp\/v2\/product\/13031","targetHints":{"allow":["GET"]}}],"collection":[{"href":"https:\/\/esentialaroms.com\/fr\/wp-json\/wp\/v2\/product"}],"about":[{"href":"https:\/\/esentialaroms.com\/fr\/wp-json\/wp\/v2\/types\/product"}],"replies":[{"embeddable":true,"href":"https:\/\/esentialaroms.com\/fr\/wp-json\/wp\/v2\/comments?post=13031"}],"version-history":[{"count":1,"href":"https:\/\/esentialaroms.com\/fr\/wp-json\/wp\/v2\/product\/13031\/revisions"}],"predecessor-version":[{"id":13034,"href":"https:\/\/esentialaroms.com\/fr\/wp-json\/wp\/v2\/product\/13031\/revisions\/13034"}],"wp:featuredmedia":[{"embeddable":true,"href":"https:\/\/esentialaroms.com\/fr\/wp-json\/wp\/v2\/media\/13032"}],"wp:attachment":[{"href":"https:\/\/esentialaroms.com\/fr\/wp-json\/wp\/v2\/media?parent=13031"}],"wp:term":[{"taxonomy":"product_brand","embeddable":true,"href":"https:\/\/esentialaroms.com\/fr\/wp-json\/wp\/v2\/product_brand?post=13031"},{"taxonomy":"product_cat","embeddable":true,"href":"https:\/\/esentialaroms.com\/fr\/wp-json\/wp\/v2\/product_cat?post=13031"},{"taxonomy":"product_tag","embeddable":true,"href":"https:\/\/esentialaroms.com\/fr\/wp-json\/wp\/v2\/product_tag?post=13031"}],"curies":[{"name":"wp","href":"https:\/\/api.w.org\/{rel}","templated":true}]}}