{"id":13016,"date":"2026-05-07T13:10:51","date_gmt":"2026-05-07T11:10:51","guid":{"rendered":"https:\/\/esentialaroms.com\/productos\/ansi-relax-2\/"},"modified":"2026-05-07T14:22:21","modified_gmt":"2026-05-07T12:22:21","slug":"ansi-relax-2","status":"publish","type":"product","link":"https:\/\/esentialaroms.com\/fr\/productos\/ansi-relax-2\/","title":{"rendered":"ANSI RELAX"},"content":{"rendered":"<div>Huile de massage de secours \u00b7 Roll-on &nbsp;<\/div>\n<div>100 % d&rsquo;origine naturelle &nbsp;<\/div>\n","protected":false},"excerpt":{"rendered":"<div>Il contient un m\u00e9lange d&rsquo;huiles essentielles 100 % pures et naturelles (certifi\u00e9es A.E.B.B.D.*) qui agissent en synergie pour aider \u00e0 r\u00e9tablir et \u00e0 favoriser la bonne humeur et le bien-\u00eatre. Un facteur essentiel pour relever les d\u00e9fis quotidiens. Les huiles essentielles de qualit\u00e9 certifi\u00e9e : huiles essentielles botaniquement et biochimiquement d\u00e9finies, ont une action psycho-aromath\u00e9rapeutique. &nbsp;<\/div>\n","protected":false},"featured_media":13017,"comment_status":"open","ping_status":"closed","template":"","meta":{"_acf_changed":false,"rs_blank_template":"","rs_page_bg_color":"","slide_template_v7":""},"product_brand":[],"product_cat":[307,340,322,367,480,364,319],"product_tag":[],"class_list":{"0":"post-13016","1":"product","2":"type-product","3":"status-publish","4":"has-post-thumbnail","6":"product_cat-aromatherapie","7":"product_cat-besoins","8":"product_cat-familles","9":"product_cat-massage-anti-stress-et-anti-fatigue","10":"product_cat-massage-oil","11":"product_cat-massages-therapeutiques","12":"product_cat-psychoaromatherapie","14":"first","15":"instock","16":"shipping-taxable","17":"purchasable","18":"product-type-simple"},"acf":[],"_links":{"self":[{"href":"https:\/\/esentialaroms.com\/fr\/wp-json\/wp\/v2\/product\/13016","targetHints":{"allow":["GET"]}}],"collection":[{"href":"https:\/\/esentialaroms.com\/fr\/wp-json\/wp\/v2\/product"}],"about":[{"href":"https:\/\/esentialaroms.com\/fr\/wp-json\/wp\/v2\/types\/product"}],"replies":[{"embeddable":true,"href":"https:\/\/esentialaroms.com\/fr\/wp-json\/wp\/v2\/comments?post=13016"}],"version-history":[{"count":1,"href":"https:\/\/esentialaroms.com\/fr\/wp-json\/wp\/v2\/product\/13016\/revisions"}],"predecessor-version":[{"id":13019,"href":"https:\/\/esentialaroms.com\/fr\/wp-json\/wp\/v2\/product\/13016\/revisions\/13019"}],"wp:featuredmedia":[{"embeddable":true,"href":"https:\/\/esentialaroms.com\/fr\/wp-json\/wp\/v2\/media\/13017"}],"wp:attachment":[{"href":"https:\/\/esentialaroms.com\/fr\/wp-json\/wp\/v2\/media?parent=13016"}],"wp:term":[{"taxonomy":"product_brand","embeddable":true,"href":"https:\/\/esentialaroms.com\/fr\/wp-json\/wp\/v2\/product_brand?post=13016"},{"taxonomy":"product_cat","embeddable":true,"href":"https:\/\/esentialaroms.com\/fr\/wp-json\/wp\/v2\/product_cat?post=13016"},{"taxonomy":"product_tag","embeddable":true,"href":"https:\/\/esentialaroms.com\/fr\/wp-json\/wp\/v2\/product_tag?post=13016"}],"curies":[{"name":"wp","href":"https:\/\/api.w.org\/{rel}","templated":true}]}}