{"id":12866,"date":"2026-05-07T13:06:47","date_gmt":"2026-05-07T11:06:47","guid":{"rendered":"https:\/\/esentialaroms.com\/productos\/locion-limpiadora-manzanilla-2\/"},"modified":"2026-05-07T14:22:18","modified_gmt":"2026-05-07T12:22:18","slug":"locion-limpiadora-manzanilla-2","status":"publish","type":"product","link":"https:\/\/esentialaroms.com\/fr\/productos\/locion-limpiadora-manzanilla-2\/","title":{"rendered":"LOTION NETTOYANTE CAMOMILLE"},"content":{"rendered":"","protected":false},"excerpt":{"rendered":"<div>La lotion nettoyante \u00e0 la camomille est une formule adapt\u00e9e aux besoins sp\u00e9cifiques des peaux \u00e0 tendance sensible. Nettoie (visage, yeux et l\u00e8vres), calme, \u00e9quilibre, r\u00e9duit la sensibilit\u00e9, limite les rougeurs et les tiraillements, et peut \u00eatre utilis\u00e9 sur tous les types de peau. &nbsp;<\/div>\n","protected":false},"featured_media":12867,"comment_status":"open","ping_status":"closed","template":"","meta":{"_acf_changed":false,"rs_blank_template":"","rs_page_bg_color":"","slide_template_v7":""},"product_brand":[],"product_cat":[340,555,457,322,358,361,355],"product_tag":[],"class_list":{"0":"post-12866","1":"product","2":"type-product","3":"status-publish","4":"has-post-thumbnail","6":"product_cat-besoins","7":"product_cat-best-sellers","8":"product_cat-dermoesential","9":"product_cat-familles","10":"product_cat-soins-de-la-peau","11":"product_cat-type-de-peau","12":"product_cat-visage","14":"first","15":"instock","16":"shipping-taxable","17":"purchasable","18":"product-type-simple"},"acf":[],"_links":{"self":[{"href":"https:\/\/esentialaroms.com\/fr\/wp-json\/wp\/v2\/product\/12866","targetHints":{"allow":["GET"]}}],"collection":[{"href":"https:\/\/esentialaroms.com\/fr\/wp-json\/wp\/v2\/product"}],"about":[{"href":"https:\/\/esentialaroms.com\/fr\/wp-json\/wp\/v2\/types\/product"}],"replies":[{"embeddable":true,"href":"https:\/\/esentialaroms.com\/fr\/wp-json\/wp\/v2\/comments?post=12866"}],"version-history":[{"count":1,"href":"https:\/\/esentialaroms.com\/fr\/wp-json\/wp\/v2\/product\/12866\/revisions"}],"predecessor-version":[{"id":12869,"href":"https:\/\/esentialaroms.com\/fr\/wp-json\/wp\/v2\/product\/12866\/revisions\/12869"}],"wp:featuredmedia":[{"embeddable":true,"href":"https:\/\/esentialaroms.com\/fr\/wp-json\/wp\/v2\/media\/12867"}],"wp:attachment":[{"href":"https:\/\/esentialaroms.com\/fr\/wp-json\/wp\/v2\/media?parent=12866"}],"wp:term":[{"taxonomy":"product_brand","embeddable":true,"href":"https:\/\/esentialaroms.com\/fr\/wp-json\/wp\/v2\/product_brand?post=12866"},{"taxonomy":"product_cat","embeddable":true,"href":"https:\/\/esentialaroms.com\/fr\/wp-json\/wp\/v2\/product_cat?post=12866"},{"taxonomy":"product_tag","embeddable":true,"href":"https:\/\/esentialaroms.com\/fr\/wp-json\/wp\/v2\/product_tag?post=12866"}],"curies":[{"name":"wp","href":"https:\/\/api.w.org\/{rel}","templated":true}]}}