{"id":12765,"date":"2026-05-07T13:06:15","date_gmt":"2026-05-07T11:06:15","guid":{"rendered":"https:\/\/esentialaroms.com\/productos\/hidrolato-de-manzanilla-romana-anthemis-nobilis-1-litro-2\/"},"modified":"2026-05-07T14:22:16","modified_gmt":"2026-05-07T12:22:16","slug":"hidrolato-de-manzanilla-romana-anthemis-nobilis-1-litro-2","status":"publish","type":"product","link":"https:\/\/esentialaroms.com\/fr\/productos\/hidrolato-de-manzanilla-romana-anthemis-nobilis-1-litro-2\/","title":{"rendered":"Hydrolat de CAMOMILLE ROMAINE (Anthemis nobilis) 1 litre"},"content":{"rendered":"<div>L&rsquo;eau florale ou hydrolat est un produit enti\u00e8rement naturel obtenu par distillation \u00e0 la vapeur d&rsquo;eau de plantes aromatiques. Gr\u00e2ce \u00e0 cette m\u00e9thode, elle contient les mol\u00e9cules et les phytoactifs de ces plantes, qui lui conf\u00e8rent son parfum et ses propri\u00e9t\u00e9s uniques pour la peau. &nbsp;<\/div>\n<div>ATTENTION AUX CONTREFA\u00c7ONS : certains produits sont vendus sous le nom d\u2019 \u00ab eau florale \u00bb alors qu&rsquo;il ne s&rsquo;agit pas de produits authentiques. Ce ne sont que de l&rsquo;eau distill\u00e9e aux ar\u00f4mes, souvent artificielles. Si nous utilisons ces produits qui ne sont pas naturels, nous ne pourrons pas b\u00e9n\u00e9ficier des propri\u00e9t\u00e9s que l&rsquo;eau floral authentique nous apporte. &nbsp;<\/div>\n","protected":false},"excerpt":{"rendered":"<div>Hydrolat de sommit\u00e9s fleuries de camomille romaine issue de l\u2019Agriculture Biologique. Recommand\u00e9 pour calmer et r\u00e9duire les rougeurs de tous types de peau, sp\u00e9cialement de la peau sensible. Utilis\u00e9 en compresse sur les paupi\u00e8res, il contribue \u00e0 r\u00e9duire la congestion et la fatigue oculaires. &nbsp;<\/div>\n<div>Aide \u00e0 faire face \u00e0 l&rsquo;hypersensibilit\u00e9 et apporte la paix int\u00e9rieure. &nbsp;<\/div>\n<div>Resentez les bienfaits des v\u00e9ritables hydrolats sur votre peau et vos \u00e9motions. &nbsp;<\/div>\n","protected":false},"featured_media":12766,"comment_status":"open","ping_status":"closed","template":"","meta":{"_acf_changed":false,"rs_blank_template":"","rs_page_bg_color":"","slide_template_v7":""},"product_brand":[],"product_cat":[307,340,434,361,355],"product_tag":[],"class_list":{"0":"post-12765","1":"product","2":"type-product","3":"status-publish","4":"has-post-thumbnail","6":"product_cat-aromatherapie","7":"product_cat-besoins","8":"product_cat-hydrolats-aromatiques-ou-eaux-florales","9":"product_cat-type-de-peau","10":"product_cat-visage","12":"first","13":"instock","14":"shipping-taxable","15":"purchasable","16":"product-type-simple"},"acf":[],"_links":{"self":[{"href":"https:\/\/esentialaroms.com\/fr\/wp-json\/wp\/v2\/product\/12765","targetHints":{"allow":["GET"]}}],"collection":[{"href":"https:\/\/esentialaroms.com\/fr\/wp-json\/wp\/v2\/product"}],"about":[{"href":"https:\/\/esentialaroms.com\/fr\/wp-json\/wp\/v2\/types\/product"}],"replies":[{"embeddable":true,"href":"https:\/\/esentialaroms.com\/fr\/wp-json\/wp\/v2\/comments?post=12765"}],"version-history":[{"count":1,"href":"https:\/\/esentialaroms.com\/fr\/wp-json\/wp\/v2\/product\/12765\/revisions"}],"predecessor-version":[{"id":12767,"href":"https:\/\/esentialaroms.com\/fr\/wp-json\/wp\/v2\/product\/12765\/revisions\/12767"}],"wp:featuredmedia":[{"embeddable":true,"href":"https:\/\/esentialaroms.com\/fr\/wp-json\/wp\/v2\/media\/12766"}],"wp:attachment":[{"href":"https:\/\/esentialaroms.com\/fr\/wp-json\/wp\/v2\/media?parent=12765"}],"wp:term":[{"taxonomy":"product_brand","embeddable":true,"href":"https:\/\/esentialaroms.com\/fr\/wp-json\/wp\/v2\/product_brand?post=12765"},{"taxonomy":"product_cat","embeddable":true,"href":"https:\/\/esentialaroms.com\/fr\/wp-json\/wp\/v2\/product_cat?post=12765"},{"taxonomy":"product_tag","embeddable":true,"href":"https:\/\/esentialaroms.com\/fr\/wp-json\/wp\/v2\/product_tag?post=12765"}],"curies":[{"name":"wp","href":"https:\/\/api.w.org\/{rel}","templated":true}]}}