{"id":12754,"date":"2026-05-07T13:06:12","date_gmt":"2026-05-07T11:06:12","guid":{"rendered":"https:\/\/esentialaroms.com\/productos\/aceite-de-masaje-estrias-control-500-ml-2\/"},"modified":"2026-05-07T14:22:16","modified_gmt":"2026-05-07T12:22:16","slug":"aceite-de-masaje-estrias-control-500-ml-2","status":"publish","type":"product","link":"https:\/\/esentialaroms.com\/fr\/productos\/aceite-de-masaje-estrias-control-500-ml-2\/","title":{"rendered":"Huile de massage VERGETURES CONTROL 500 ml"},"content":{"rendered":"<div>Le massage aromath\u00e9rapeutique est une opportunit\u00e9 de transformation personnelle, un outil unique pour la sant\u00e9 du corps et de l&rsquo;esprit. &nbsp;<\/div>\n","protected":false},"excerpt":{"rendered":"<div>Am\u00e9liore l&rsquo;\u00e9lasticit\u00e9 de la peau du ventre. &nbsp;<\/div>\n<div>Les huiles v\u00e9g\u00e9tales contenues dans cette huile corporelle sont issues d&rsquo;une premi\u00e8re pression \u00e0 froid et apportent \u00e0 la peau une grande richesse en acides gras essentiels O-3, O-6 et O-9, ainsi que des c\u00e9ramides v\u00e9g\u00e9tales provenant de l&rsquo;huile de jojoba. Tout cela contribue \u00e0 r\u00e9g\u00e9n\u00e9rer, hydrater en profondeur et augmenter l&rsquo;\u00e9lasticit\u00e9 de la peau. &nbsp;<\/div>\n","protected":false},"featured_media":12755,"comment_status":"open","ping_status":"closed","template":"","meta":{"_acf_changed":false,"rs_blank_template":"","rs_page_bg_color":"","slide_template_v7":""},"product_brand":[],"product_cat":[340,463,322,503,506],"product_tag":[],"class_list":{"0":"post-12754","1":"product","2":"type-product","3":"status-publish","4":"has-post-thumbnail","6":"product_cat-besoins","7":"product_cat-esentialwoman","8":"product_cat-familles","9":"product_cat-physique","10":"product_cat-soins-corporels","12":"first","13":"instock","14":"shipping-taxable","15":"purchasable","16":"product-type-simple"},"acf":[],"_links":{"self":[{"href":"https:\/\/esentialaroms.com\/fr\/wp-json\/wp\/v2\/product\/12754","targetHints":{"allow":["GET"]}}],"collection":[{"href":"https:\/\/esentialaroms.com\/fr\/wp-json\/wp\/v2\/product"}],"about":[{"href":"https:\/\/esentialaroms.com\/fr\/wp-json\/wp\/v2\/types\/product"}],"replies":[{"embeddable":true,"href":"https:\/\/esentialaroms.com\/fr\/wp-json\/wp\/v2\/comments?post=12754"}],"version-history":[{"count":1,"href":"https:\/\/esentialaroms.com\/fr\/wp-json\/wp\/v2\/product\/12754\/revisions"}],"predecessor-version":[{"id":12756,"href":"https:\/\/esentialaroms.com\/fr\/wp-json\/wp\/v2\/product\/12754\/revisions\/12756"}],"wp:featuredmedia":[{"embeddable":true,"href":"https:\/\/esentialaroms.com\/fr\/wp-json\/wp\/v2\/media\/12755"}],"wp:attachment":[{"href":"https:\/\/esentialaroms.com\/fr\/wp-json\/wp\/v2\/media?parent=12754"}],"wp:term":[{"taxonomy":"product_brand","embeddable":true,"href":"https:\/\/esentialaroms.com\/fr\/wp-json\/wp\/v2\/product_brand?post=12754"},{"taxonomy":"product_cat","embeddable":true,"href":"https:\/\/esentialaroms.com\/fr\/wp-json\/wp\/v2\/product_cat?post=12754"},{"taxonomy":"product_tag","embeddable":true,"href":"https:\/\/esentialaroms.com\/fr\/wp-json\/wp\/v2\/product_tag?post=12754"}],"curies":[{"name":"wp","href":"https:\/\/api.w.org\/{rel}","templated":true}]}}