{"id":12743,"date":"2026-05-07T13:06:09","date_gmt":"2026-05-07T11:06:09","guid":{"rendered":"https:\/\/esentialaroms.com\/productos\/aceite-de-masaje-senos-firmes-500-ml-2\/"},"modified":"2026-05-07T14:22:15","modified_gmt":"2026-05-07T12:22:15","slug":"aceite-de-masaje-senos-firmes-500-ml-2","status":"publish","type":"product","link":"https:\/\/esentialaroms.com\/fr\/productos\/aceite-de-masaje-senos-firmes-500-ml-2\/","title":{"rendered":"Huile de massage SEINS FERMES 500 ml"},"content":{"rendered":"<div>Le massage aromath\u00e9rapeutique est une opportunit\u00e9 de transformation personnelle, un outil unique pour la sant\u00e9 du corps et de l&rsquo;esprit. L&rsquo;huile de massage raffermissante pour les seins vous aide \u00e0 tonifier et raffermir votre poitrine. &nbsp;<\/div>\n","protected":false},"excerpt":{"rendered":"<div>Aide \u00e0 tonifier et raffermir les seins. &nbsp;<\/div>\n<div>Huiles v\u00e9g\u00e9tales de premi\u00e8re pression \u00e0 froid de noisette, noyau d&rsquo;abricot, onagre, s\u00e9same et tournesol ; huiles essentielles (H.E.B.B.D.*) de g\u00e9ranium, amaro, citronnelle, ylang-ylang obtenues par distillation compl\u00e8te et rose de Bulgarie. *Huiles Esentielles Botaniquement et Biochimiquement D\u00e9finies. &nbsp;<\/div>\n<div>Les huiles de massage aromatiques que nous vous proposons sont compos\u00e9es d&rsquo;une base v\u00e9g\u00e9tale ou d&rsquo;une huile v\u00e9g\u00e9tale de premi\u00e8re pression \u00e0 froid \u00ab fruit\u00e9e \u00bb dans laquelle a \u00e9t\u00e9 dilu\u00e9 un m\u00e9lange d&rsquo;huiles essentielles botaniquement et biochimiquement d\u00e9finies sp\u00e9cifiques afin d&rsquo;obtenir un effet de confort et de bien-\u00eatre. &nbsp;<\/div>\n","protected":false},"featured_media":12744,"comment_status":"open","ping_status":"closed","template":"","meta":{"_acf_changed":false,"rs_blank_template":"","rs_page_bg_color":"","slide_template_v7":""},"product_brand":[],"product_cat":[463,322],"product_tag":[],"class_list":{"0":"post-12743","1":"product","2":"type-product","3":"status-publish","4":"has-post-thumbnail","6":"product_cat-esentialwoman","7":"product_cat-familles","9":"first","10":"instock","11":"shipping-taxable","12":"purchasable","13":"product-type-simple"},"acf":[],"_links":{"self":[{"href":"https:\/\/esentialaroms.com\/fr\/wp-json\/wp\/v2\/product\/12743","targetHints":{"allow":["GET"]}}],"collection":[{"href":"https:\/\/esentialaroms.com\/fr\/wp-json\/wp\/v2\/product"}],"about":[{"href":"https:\/\/esentialaroms.com\/fr\/wp-json\/wp\/v2\/types\/product"}],"replies":[{"embeddable":true,"href":"https:\/\/esentialaroms.com\/fr\/wp-json\/wp\/v2\/comments?post=12743"}],"version-history":[{"count":1,"href":"https:\/\/esentialaroms.com\/fr\/wp-json\/wp\/v2\/product\/12743\/revisions"}],"predecessor-version":[{"id":12745,"href":"https:\/\/esentialaroms.com\/fr\/wp-json\/wp\/v2\/product\/12743\/revisions\/12745"}],"wp:featuredmedia":[{"embeddable":true,"href":"https:\/\/esentialaroms.com\/fr\/wp-json\/wp\/v2\/media\/12744"}],"wp:attachment":[{"href":"https:\/\/esentialaroms.com\/fr\/wp-json\/wp\/v2\/media?parent=12743"}],"wp:term":[{"taxonomy":"product_brand","embeddable":true,"href":"https:\/\/esentialaroms.com\/fr\/wp-json\/wp\/v2\/product_brand?post=12743"},{"taxonomy":"product_cat","embeddable":true,"href":"https:\/\/esentialaroms.com\/fr\/wp-json\/wp\/v2\/product_cat?post=12743"},{"taxonomy":"product_tag","embeddable":true,"href":"https:\/\/esentialaroms.com\/fr\/wp-json\/wp\/v2\/product_tag?post=12743"}],"curies":[{"name":"wp","href":"https:\/\/api.w.org\/{rel}","templated":true}]}}