{"id":12732,"date":"2026-05-07T13:06:06","date_gmt":"2026-05-07T11:06:06","guid":{"rendered":"https:\/\/esentialaroms.com\/productos\/aceite-de-masaje-celulit-control-1-litro-2\/"},"modified":"2026-05-07T14:22:15","modified_gmt":"2026-05-07T12:22:15","slug":"aceite-de-masaje-celulit-control-1-litro-2","status":"publish","type":"product","link":"https:\/\/esentialaroms.com\/fr\/productos\/aceite-de-masaje-celulit-control-1-litro-2\/","title":{"rendered":"Huile de massage CELLULITE CONTROL 1 litre"},"content":{"rendered":"<div>Le massage aromath\u00e9rapeutique est une opportunit\u00e9 de transformation personnelle, un outil unique pour la sant\u00e9 du corps et de l&rsquo;esprit. L&rsquo;huile de massage anticellulite vous aidera \u00e0 affiner votre silhouette. &nbsp;<\/div>\n","protected":false},"excerpt":{"rendered":"<div>Aide \u00e0 affiner votre silhouette. &nbsp;<\/div>\n<div>Huiles v\u00e9g\u00e9tales de premi\u00e8re pression \u00e0 froid de macadamia, s\u00e9same, tournesol, amande et noisette ; extraits lipidiques ou mac\u00e9r\u00e9s de Fucus vesiculosus et lierre ; huiles essentielles (H.E.B.B.D.*) de palmarosa, de sapin de Sib\u00e9rie, d&rsquo;eucalyptus, de sauge, de cypr\u00e8s, de cajeput, de carotte, de laurier, de gen\u00e9vrier, de g\u00e9ranium et de citronnelle ; vitamine E naturelle. *Huiles Esentielles Botaniquement et Biochimiquement D\u00e9finies. &nbsp;<\/div>\n<div>Les huiles de massage aromatiques que nous vous proposons sont compos\u00e9es d&rsquo;une base v\u00e9g\u00e9tale ou d&rsquo;une huile v\u00e9g\u00e9tale de premi\u00e8re pression \u00e0 froid \u00ab fruit\u00e9e \u00bb dans laquelle a \u00e9t\u00e9 dilu\u00e9 un m\u00e9lange d&rsquo;huiles essentielles botaniquement et biochimiquement d\u00e9finies sp\u00e9cifiques afin d&rsquo;obtenir un effet de confort et de bien-\u00eatre. &nbsp;<\/div>\n","protected":false},"featured_media":12733,"comment_status":"open","ping_status":"closed","template":"","meta":{"_acf_changed":false,"rs_blank_template":"","rs_page_bg_color":"","slide_template_v7":""},"product_brand":[],"product_cat":[447,463,322],"product_tag":[],"class_list":{"0":"post-12732","1":"product","2":"type-product","3":"status-publish","4":"has-post-thumbnail","6":"product_cat-anticelulitis","7":"product_cat-esentialwoman","8":"product_cat-familles","10":"first","11":"instock","12":"shipping-taxable","13":"purchasable","14":"product-type-simple"},"acf":[],"_links":{"self":[{"href":"https:\/\/esentialaroms.com\/fr\/wp-json\/wp\/v2\/product\/12732","targetHints":{"allow":["GET"]}}],"collection":[{"href":"https:\/\/esentialaroms.com\/fr\/wp-json\/wp\/v2\/product"}],"about":[{"href":"https:\/\/esentialaroms.com\/fr\/wp-json\/wp\/v2\/types\/product"}],"replies":[{"embeddable":true,"href":"https:\/\/esentialaroms.com\/fr\/wp-json\/wp\/v2\/comments?post=12732"}],"version-history":[{"count":1,"href":"https:\/\/esentialaroms.com\/fr\/wp-json\/wp\/v2\/product\/12732\/revisions"}],"predecessor-version":[{"id":12734,"href":"https:\/\/esentialaroms.com\/fr\/wp-json\/wp\/v2\/product\/12732\/revisions\/12734"}],"wp:featuredmedia":[{"embeddable":true,"href":"https:\/\/esentialaroms.com\/fr\/wp-json\/wp\/v2\/media\/12733"}],"wp:attachment":[{"href":"https:\/\/esentialaroms.com\/fr\/wp-json\/wp\/v2\/media?parent=12732"}],"wp:term":[{"taxonomy":"product_brand","embeddable":true,"href":"https:\/\/esentialaroms.com\/fr\/wp-json\/wp\/v2\/product_brand?post=12732"},{"taxonomy":"product_cat","embeddable":true,"href":"https:\/\/esentialaroms.com\/fr\/wp-json\/wp\/v2\/product_cat?post=12732"},{"taxonomy":"product_tag","embeddable":true,"href":"https:\/\/esentialaroms.com\/fr\/wp-json\/wp\/v2\/product_tag?post=12732"}],"curies":[{"name":"wp","href":"https:\/\/api.w.org\/{rel}","templated":true}]}}