{"id":12721,"date":"2026-05-07T13:06:02","date_gmt":"2026-05-07T11:06:02","guid":{"rendered":"https:\/\/esentialaroms.com\/productos\/aceite-de-masaje-piernas-bienestar-1-litro-2\/"},"modified":"2026-05-07T14:22:15","modified_gmt":"2026-05-07T12:22:15","slug":"aceite-de-masaje-piernas-bienestar-1-litro-2","status":"publish","type":"product","link":"https:\/\/esentialaroms.com\/fr\/productos\/aceite-de-masaje-piernas-bienestar-1-litro-2\/","title":{"rendered":"Huile de massage JAMBES BIEN-\u00caTRE 1 litre"},"content":{"rendered":"<div>Le massage aromath\u00e9rapeutique est une opportunit\u00e9 de transformation personnelle, un outil unique pour la sant\u00e9 du corps et de l&rsquo;esprit. Gr\u00e2ce \u00e0 l&rsquo;auto-massage aromath\u00e9rapeutique des jambes, nous allons essayer de tonifier le syst\u00e8me veineux et favoriser un bon repos pour les jambes lourdes. &nbsp;<\/div>\n","protected":false},"excerpt":{"rendered":"<div>Tonifie le syst\u00e8me veineux et favorise un bon repos pour les jambes lourdes. &nbsp;<\/div>\n<div>Huiles v\u00e9g\u00e9tales de premi\u00e8re pression \u00e0 froid de macadamia, s\u00e9same et tournesol ; huiles essentielles (H.E.B.B.D.*) de cypr\u00e8s, romarin 1,8 cin\u00e9ol, lavandin, thym, menthe poivr\u00e9e, sapin de Sib\u00e9rie et ciste. *Huiles Esentielles Botaniquement et Biochimiquement D\u00e9finies. &nbsp;<\/div>\n","protected":false},"featured_media":12722,"comment_status":"open","ping_status":"closed","template":"","meta":{"_acf_changed":false,"rs_blank_template":"","rs_page_bg_color":"","slide_template_v7":""},"product_brand":[],"product_cat":[521,340,463,322,512,539,364,503],"product_tag":[],"class_list":{"0":"post-12721","1":"product","2":"type-product","3":"status-publish","4":"has-post-thumbnail","6":"product_cat-athletes","7":"product_cat-besoins","8":"product_cat-esentialwoman","9":"product_cat-familles","10":"product_cat-jambes-et-pieds","11":"product_cat-massage-pour-adultes","12":"product_cat-massages-therapeutiques","13":"product_cat-physique","15":"first","16":"instock","17":"shipping-taxable","18":"purchasable","19":"product-type-simple"},"acf":[],"_links":{"self":[{"href":"https:\/\/esentialaroms.com\/fr\/wp-json\/wp\/v2\/product\/12721","targetHints":{"allow":["GET"]}}],"collection":[{"href":"https:\/\/esentialaroms.com\/fr\/wp-json\/wp\/v2\/product"}],"about":[{"href":"https:\/\/esentialaroms.com\/fr\/wp-json\/wp\/v2\/types\/product"}],"replies":[{"embeddable":true,"href":"https:\/\/esentialaroms.com\/fr\/wp-json\/wp\/v2\/comments?post=12721"}],"version-history":[{"count":1,"href":"https:\/\/esentialaroms.com\/fr\/wp-json\/wp\/v2\/product\/12721\/revisions"}],"predecessor-version":[{"id":12723,"href":"https:\/\/esentialaroms.com\/fr\/wp-json\/wp\/v2\/product\/12721\/revisions\/12723"}],"wp:featuredmedia":[{"embeddable":true,"href":"https:\/\/esentialaroms.com\/fr\/wp-json\/wp\/v2\/media\/12722"}],"wp:attachment":[{"href":"https:\/\/esentialaroms.com\/fr\/wp-json\/wp\/v2\/media?parent=12721"}],"wp:term":[{"taxonomy":"product_brand","embeddable":true,"href":"https:\/\/esentialaroms.com\/fr\/wp-json\/wp\/v2\/product_brand?post=12721"},{"taxonomy":"product_cat","embeddable":true,"href":"https:\/\/esentialaroms.com\/fr\/wp-json\/wp\/v2\/product_cat?post=12721"},{"taxonomy":"product_tag","embeddable":true,"href":"https:\/\/esentialaroms.com\/fr\/wp-json\/wp\/v2\/product_tag?post=12721"}],"curies":[{"name":"wp","href":"https:\/\/api.w.org\/{rel}","templated":true}]}}