{"id":12710,"date":"2026-05-07T13:05:59","date_gmt":"2026-05-07T11:05:59","guid":{"rendered":"https:\/\/esentialaroms.com\/productos\/aceite-de-masaje-arnica-reflex-1-litro-2\/"},"modified":"2026-05-07T14:22:15","modified_gmt":"2026-05-07T12:22:15","slug":"aceite-de-masaje-arnica-reflex-1-litro-2","status":"publish","type":"product","link":"https:\/\/esentialaroms.com\/fr\/productos\/aceite-de-masaje-arnica-reflex-1-litro-2\/","title":{"rendered":"Huile de massage ARNICA-REFLEX 1 litre"},"content":{"rendered":"<div>Le massage aromath\u00e9rapeutique est une opportunit\u00e9 de transformation personnelle, un outil unique pour la sant\u00e9 du corps et de l&rsquo;esprit. L&rsquo;huile de massage pour la nuque et le dos doit \u00eatre appliqu\u00e9e lorsque la tension et le stress se traduisent par des contractures dans la zone cervicale, dorsale et le long du dos. &nbsp;<\/div>\n","protected":false},"excerpt":{"rendered":"<div>L&rsquo;huile de massage aromath\u00e9rapeutique ARNICA-REFLEX contient des huiles essentielles de rav\u00e9sara aromatique, d&rsquo;orange douce, d&rsquo;eucalyptus citriodora, de camomille romaine et de palmarosa. Toutes ces huiles sont associ\u00e9es \u00e0 une synergie d&rsquo;huiles v\u00e9g\u00e9tales vierges aux propri\u00e9t\u00e9s sp\u00e9cifiques, telles que l&rsquo;huile de macadamia, l&rsquo;huile de s\u00e9same, l&rsquo;huile de tournesol et l&rsquo;extrait lipidique d&rsquo;arnica montana. &nbsp;<\/div>\n","protected":false},"featured_media":12711,"comment_status":"open","ping_status":"closed","template":"","meta":{"_acf_changed":false,"rs_blank_template":"","rs_page_bg_color":"","slide_template_v7":""},"product_brand":[],"product_cat":[521,340,322,367,480,539,364],"product_tag":[],"class_list":{"0":"post-12710","1":"product","2":"type-product","3":"status-publish","4":"has-post-thumbnail","6":"product_cat-athletes","7":"product_cat-besoins","8":"product_cat-familles","9":"product_cat-massage-anti-stress-et-anti-fatigue","10":"product_cat-massage-oil","11":"product_cat-massage-pour-adultes","12":"product_cat-massages-therapeutiques","14":"first","15":"instock","16":"shipping-taxable","17":"purchasable","18":"product-type-simple"},"acf":[],"_links":{"self":[{"href":"https:\/\/esentialaroms.com\/fr\/wp-json\/wp\/v2\/product\/12710","targetHints":{"allow":["GET"]}}],"collection":[{"href":"https:\/\/esentialaroms.com\/fr\/wp-json\/wp\/v2\/product"}],"about":[{"href":"https:\/\/esentialaroms.com\/fr\/wp-json\/wp\/v2\/types\/product"}],"replies":[{"embeddable":true,"href":"https:\/\/esentialaroms.com\/fr\/wp-json\/wp\/v2\/comments?post=12710"}],"version-history":[{"count":1,"href":"https:\/\/esentialaroms.com\/fr\/wp-json\/wp\/v2\/product\/12710\/revisions"}],"predecessor-version":[{"id":12712,"href":"https:\/\/esentialaroms.com\/fr\/wp-json\/wp\/v2\/product\/12710\/revisions\/12712"}],"wp:featuredmedia":[{"embeddable":true,"href":"https:\/\/esentialaroms.com\/fr\/wp-json\/wp\/v2\/media\/12711"}],"wp:attachment":[{"href":"https:\/\/esentialaroms.com\/fr\/wp-json\/wp\/v2\/media?parent=12710"}],"wp:term":[{"taxonomy":"product_brand","embeddable":true,"href":"https:\/\/esentialaroms.com\/fr\/wp-json\/wp\/v2\/product_brand?post=12710"},{"taxonomy":"product_cat","embeddable":true,"href":"https:\/\/esentialaroms.com\/fr\/wp-json\/wp\/v2\/product_cat?post=12710"},{"taxonomy":"product_tag","embeddable":true,"href":"https:\/\/esentialaroms.com\/fr\/wp-json\/wp\/v2\/product_tag?post=12710"}],"curies":[{"name":"wp","href":"https:\/\/api.w.org\/{rel}","templated":true}]}}