{"id":12699,"date":"2026-05-07T13:05:56","date_gmt":"2026-05-07T11:05:56","guid":{"rendered":"https:\/\/esentialaroms.com\/productos\/aceite-de-masaje-sensual-1-litro-2\/"},"modified":"2026-05-07T14:22:14","modified_gmt":"2026-05-07T12:22:14","slug":"aceite-de-masaje-sensual-1-litro-2","status":"publish","type":"product","link":"https:\/\/esentialaroms.com\/fr\/productos\/aceite-de-masaje-sensual-1-litro-2\/","title":{"rendered":"Huile de massage SENSUAL 1 litre"},"content":{"rendered":"<div>Le massage aromath\u00e9rapeutique est une occasion de transformation personnelle, un outil unique pour la sant\u00e9 du corps et de l&rsquo;esprit. Le massage sensuel stimule la communication au sein du couple, pr\u00e9dispose \u00e0 l&rsquo;ouverture envers notre partenaire, nous aide \u00e0 nous d\u00e9tendre et \u00e0 nous d\u00e9connecter des soucis quotidiens, facilitant la communication et la jouissance du moment pr\u00e9sent. &nbsp;<\/div>\n","protected":false},"excerpt":{"rendered":"<div>L&rsquo;huile de massage aromath\u00e9rapeutique SENSUAL contient des huiles essentielles sp\u00e9cifiques pour stimuler la libido, telles que le gingembre, l&rsquo;ylang-ylang, la noix de muscade et l&rsquo;\u00e9corce de cannelle. Elle contient \u00e9galement un puissant stimulant de l&rsquo;humeur, l&rsquo;essence d&rsquo;\u00e9corce d&rsquo;orange. Tous ces ingr\u00e9dients sont associ\u00e9s \u00e0 une synergie d&rsquo;huiles v\u00e9g\u00e9tales vierges aux propri\u00e9t\u00e9s sp\u00e9cifiques, telles que la noix de macadamia, le s\u00e9same et le tournesol. &nbsp;<\/div>\n","protected":false},"featured_media":12700,"comment_status":"open","ping_status":"closed","template":"","meta":{"_acf_changed":false,"rs_blank_template":"","rs_page_bg_color":"","slide_template_v7":""},"product_brand":[],"product_cat":[340,322,480,539,364],"product_tag":[],"class_list":{"0":"post-12699","1":"product","2":"type-product","3":"status-publish","4":"has-post-thumbnail","6":"product_cat-besoins","7":"product_cat-familles","8":"product_cat-massage-oil","9":"product_cat-massage-pour-adultes","10":"product_cat-massages-therapeutiques","12":"first","13":"instock","14":"shipping-taxable","15":"purchasable","16":"product-type-simple"},"acf":[],"_links":{"self":[{"href":"https:\/\/esentialaroms.com\/fr\/wp-json\/wp\/v2\/product\/12699","targetHints":{"allow":["GET"]}}],"collection":[{"href":"https:\/\/esentialaroms.com\/fr\/wp-json\/wp\/v2\/product"}],"about":[{"href":"https:\/\/esentialaroms.com\/fr\/wp-json\/wp\/v2\/types\/product"}],"replies":[{"embeddable":true,"href":"https:\/\/esentialaroms.com\/fr\/wp-json\/wp\/v2\/comments?post=12699"}],"version-history":[{"count":1,"href":"https:\/\/esentialaroms.com\/fr\/wp-json\/wp\/v2\/product\/12699\/revisions"}],"predecessor-version":[{"id":12701,"href":"https:\/\/esentialaroms.com\/fr\/wp-json\/wp\/v2\/product\/12699\/revisions\/12701"}],"wp:featuredmedia":[{"embeddable":true,"href":"https:\/\/esentialaroms.com\/fr\/wp-json\/wp\/v2\/media\/12700"}],"wp:attachment":[{"href":"https:\/\/esentialaroms.com\/fr\/wp-json\/wp\/v2\/media?parent=12699"}],"wp:term":[{"taxonomy":"product_brand","embeddable":true,"href":"https:\/\/esentialaroms.com\/fr\/wp-json\/wp\/v2\/product_brand?post=12699"},{"taxonomy":"product_cat","embeddable":true,"href":"https:\/\/esentialaroms.com\/fr\/wp-json\/wp\/v2\/product_cat?post=12699"},{"taxonomy":"product_tag","embeddable":true,"href":"https:\/\/esentialaroms.com\/fr\/wp-json\/wp\/v2\/product_tag?post=12699"}],"curies":[{"name":"wp","href":"https:\/\/api.w.org\/{rel}","templated":true}]}}