{"id":12688,"date":"2026-05-07T13:05:53","date_gmt":"2026-05-07T11:05:53","guid":{"rendered":"https:\/\/esentialaroms.com\/productos\/aceite-de-masaje-relax-1-litro-2\/"},"modified":"2026-05-07T14:22:14","modified_gmt":"2026-05-07T12:22:14","slug":"aceite-de-masaje-relax-1-litro-2","status":"publish","type":"product","link":"https:\/\/esentialaroms.com\/fr\/productos\/aceite-de-masaje-relax-1-litro-2\/","title":{"rendered":"Huile de massage RELAX 1 litre"},"content":{"rendered":"<div>Le massage aromath\u00e9rapeutique est une opportunit\u00e9 de transformation personnelle, un outil unique pour la sant\u00e9 du corps et de l&rsquo;esprit. L&rsquo;huile de massage Relax contient des huiles essentielles aux propri\u00e9t\u00e9s apaisantes et tonifiantes pour le syst\u00e8me nerveux, qui facilitent une respiration saine et \u00e9quilibr\u00e9e, nous permettant de nous d\u00e9tendre et de nous relaxer facilement et efficacement. &nbsp;<\/div>\n","protected":false},"excerpt":{"rendered":"<div>L&rsquo;huile de massage aromath\u00e9rapeutique RELAX contient des huiles essentielles sp\u00e9cifiques pour traiter le stress, la tension nerveuse et l&rsquo;anxi\u00e9t\u00e9, telles que les huiles essentielles d&rsquo;orange, de lavande, de camomille romaine et de palmarosa. Toutes sont associ\u00e9es \u00e0 une synergie d&rsquo;huiles v\u00e9g\u00e9tales vierges aux propri\u00e9t\u00e9s sp\u00e9cifiques, telles que la macadamia, le s\u00e9same et le tournesol. &nbsp;<\/div>\n","protected":false},"featured_media":12689,"comment_status":"open","ping_status":"closed","template":"","meta":{"_acf_changed":false,"rs_blank_template":"","rs_page_bg_color":"","slide_template_v7":""},"product_brand":[],"product_cat":[340,322,367,480,539,364,358,355],"product_tag":[],"class_list":{"0":"post-12688","1":"product","2":"type-product","3":"status-publish","4":"has-post-thumbnail","6":"product_cat-besoins","7":"product_cat-familles","8":"product_cat-massage-anti-stress-et-anti-fatigue","9":"product_cat-massage-oil","10":"product_cat-massage-pour-adultes","11":"product_cat-massages-therapeutiques","12":"product_cat-soins-de-la-peau","13":"product_cat-visage","15":"first","16":"instock","17":"shipping-taxable","18":"purchasable","19":"product-type-simple"},"acf":[],"_links":{"self":[{"href":"https:\/\/esentialaroms.com\/fr\/wp-json\/wp\/v2\/product\/12688","targetHints":{"allow":["GET"]}}],"collection":[{"href":"https:\/\/esentialaroms.com\/fr\/wp-json\/wp\/v2\/product"}],"about":[{"href":"https:\/\/esentialaroms.com\/fr\/wp-json\/wp\/v2\/types\/product"}],"replies":[{"embeddable":true,"href":"https:\/\/esentialaroms.com\/fr\/wp-json\/wp\/v2\/comments?post=12688"}],"version-history":[{"count":1,"href":"https:\/\/esentialaroms.com\/fr\/wp-json\/wp\/v2\/product\/12688\/revisions"}],"predecessor-version":[{"id":12690,"href":"https:\/\/esentialaroms.com\/fr\/wp-json\/wp\/v2\/product\/12688\/revisions\/12690"}],"wp:featuredmedia":[{"embeddable":true,"href":"https:\/\/esentialaroms.com\/fr\/wp-json\/wp\/v2\/media\/12689"}],"wp:attachment":[{"href":"https:\/\/esentialaroms.com\/fr\/wp-json\/wp\/v2\/media?parent=12688"}],"wp:term":[{"taxonomy":"product_brand","embeddable":true,"href":"https:\/\/esentialaroms.com\/fr\/wp-json\/wp\/v2\/product_brand?post=12688"},{"taxonomy":"product_cat","embeddable":true,"href":"https:\/\/esentialaroms.com\/fr\/wp-json\/wp\/v2\/product_cat?post=12688"},{"taxonomy":"product_tag","embeddable":true,"href":"https:\/\/esentialaroms.com\/fr\/wp-json\/wp\/v2\/product_tag?post=12688"}],"curies":[{"name":"wp","href":"https:\/\/api.w.org\/{rel}","templated":true}]}}