{"id":12660,"date":"2026-05-07T13:05:46","date_gmt":"2026-05-07T11:05:46","guid":{"rendered":"https:\/\/esentialaroms.com\/productos\/vientre-plano-2\/"},"modified":"2026-05-07T14:22:13","modified_gmt":"2026-05-07T12:22:13","slug":"vientre-plano-2","status":"publish","type":"product","link":"https:\/\/esentialaroms.com\/fr\/productos\/vientre-plano-2\/","title":{"rendered":"VENTRE plat"},"content":{"rendered":"<div>Le massage aromath\u00e9rapeutique est une opportunit\u00e9 de transformation personnelle, un outil unique pour la sant\u00e9 du corps et de l&rsquo;esprit. L&rsquo;huile de massage Ventre Plat vous aidera \u00e0 r\u00e9duire le gonflement abdominal et facilitera l&rsquo;\u00e9limination des graisses accumul\u00e9es. &nbsp;<\/div>\n","protected":false},"excerpt":{"rendered":"<div>Aide \u00e0 r\u00e9duire le gonflement abdominal et facilite l&rsquo;\u00e9limination des graisses accumul\u00e9es. &nbsp;<\/div>\n<div>Huiles v\u00e9g\u00e9tales de 1\u00e8re pression \u00e0 froid de noyau d\u2019abricot, tournesol et onagre ; huiles essentielles (H.E.B.B.D.*) de fenouil, citron, \u00e9corce d\u2019orange douce, lemongrass, Salvia officinalis, patchouli, cypr\u00e8s et v\u00e9tiver ; vitamine E naturelle. *Huiles Essentielles Botaniquement et Biochimiquement D\u00e9finies. &nbsp;<\/div>\n<div>Les huiles de massage aromatiques que nous vous offrons sont compos\u00e9es d\u2019une base v\u00e9g\u00e9tale ou huile v\u00e9hiculaire obtenue par premi\u00e8re pression \u00e0 froid \u00ab fruit\u00e9e \u00bb dans laquelle a \u00e9t\u00e9 dilu\u00e9 un m\u00e9lange d\u2019Huiles Essentielles Botaniquement et Biochimiquement D\u00e9finies sp\u00e9cifiques pour obtenir un effet de confort et de bien-\u00eatre. &nbsp;<\/div>\n","protected":false},"featured_media":12661,"comment_status":"open","ping_status":"closed","template":"","meta":{"_acf_changed":false,"rs_blank_template":"","rs_page_bg_color":"","slide_template_v7":""},"product_brand":[],"product_cat":[536,340,463,322,529,503,515],"product_tag":[],"class_list":{"0":"post-12660","1":"product","2":"type-product","3":"status-publish","4":"has-post-thumbnail","6":"product_cat-apres-la-grossesse-et-lallaitement","7":"product_cat-besoins","8":"product_cat-esentialwoman","9":"product_cat-familles","10":"product_cat-mama-baby","11":"product_cat-physique","12":"product_cat-silhouette","14":"first","15":"instock","16":"shipping-taxable","17":"purchasable","18":"product-type-simple"},"acf":[],"_links":{"self":[{"href":"https:\/\/esentialaroms.com\/fr\/wp-json\/wp\/v2\/product\/12660","targetHints":{"allow":["GET"]}}],"collection":[{"href":"https:\/\/esentialaroms.com\/fr\/wp-json\/wp\/v2\/product"}],"about":[{"href":"https:\/\/esentialaroms.com\/fr\/wp-json\/wp\/v2\/types\/product"}],"replies":[{"embeddable":true,"href":"https:\/\/esentialaroms.com\/fr\/wp-json\/wp\/v2\/comments?post=12660"}],"version-history":[{"count":1,"href":"https:\/\/esentialaroms.com\/fr\/wp-json\/wp\/v2\/product\/12660\/revisions"}],"predecessor-version":[{"id":12663,"href":"https:\/\/esentialaroms.com\/fr\/wp-json\/wp\/v2\/product\/12660\/revisions\/12663"}],"wp:featuredmedia":[{"embeddable":true,"href":"https:\/\/esentialaroms.com\/fr\/wp-json\/wp\/v2\/media\/12661"}],"wp:attachment":[{"href":"https:\/\/esentialaroms.com\/fr\/wp-json\/wp\/v2\/media?parent=12660"}],"wp:term":[{"taxonomy":"product_brand","embeddable":true,"href":"https:\/\/esentialaroms.com\/fr\/wp-json\/wp\/v2\/product_brand?post=12660"},{"taxonomy":"product_cat","embeddable":true,"href":"https:\/\/esentialaroms.com\/fr\/wp-json\/wp\/v2\/product_cat?post=12660"},{"taxonomy":"product_tag","embeddable":true,"href":"https:\/\/esentialaroms.com\/fr\/wp-json\/wp\/v2\/product_tag?post=12660"}],"curies":[{"name":"wp","href":"https:\/\/api.w.org\/{rel}","templated":true}]}}