{"id":12645,"date":"2026-05-07T13:05:43","date_gmt":"2026-05-07T11:05:43","guid":{"rendered":"https:\/\/esentialaroms.com\/productos\/senos-firmes-2\/"},"modified":"2026-05-07T14:22:13","modified_gmt":"2026-05-07T12:22:13","slug":"senos-firmes-2","status":"publish","type":"product","link":"https:\/\/esentialaroms.com\/fr\/productos\/senos-firmes-2\/","title":{"rendered":"SEINS fermes"},"content":{"rendered":"<div>Le massage aromath\u00e9rapeutique est une opportunit\u00e9 de transformation personnelle, un outil unique pour la sant\u00e9 du corps et de l&rsquo;esprit. L&rsquo;huile de massage Seins Fermes vous aide \u00e0 tonifier et raffermir votre poitrine. &nbsp;<\/div>\n","protected":false},"excerpt":{"rendered":"<div>Aide \u00e0 tonifier et raffermir les seins. &nbsp;<\/div>\n<div>Huiles v\u00e9g\u00e9tales du 1\u00e8re pression \u00e0 froid de noisette, noyau d\u2019abricot, onagre, s\u00e9same et tournesol ; huiles essentielles (H.E.B.B.D.*) de g\u00e9ranium, sauge sclar\u00e9e, lemongrass, ylang-ylang obtenu par distillation compl\u00e8te et rose de Bulgarie. *Huiles Essentielles Botaniquement et Biochimiquement D\u00e9finies. &nbsp;<\/div>\n<div>Les huiles de massage aromatiques que nous vous offrons sont compos\u00e9es d\u2019une base v\u00e9g\u00e9tale ou huile v\u00e9hiculaire obtenue par premi\u00e8re pression \u00e0 froid \u00ab fruit\u00e9e \u00bb dans laquelle a \u00e9t\u00e9 dilu\u00e9 un m\u00e9lange d\u2019Huiles Essentielles Botaniquement et Biochimiquement D\u00e9finies sp\u00e9cifiques pour obtenir un effet de confort et de bien-\u00eatre. &nbsp;<\/div>\n","protected":false},"featured_media":12646,"comment_status":"open","ping_status":"closed","template":"","meta":{"_acf_changed":false,"rs_blank_template":"","rs_page_bg_color":"","slide_template_v7":""},"product_brand":[],"product_cat":[463,322],"product_tag":[],"class_list":{"0":"post-12645","1":"product","2":"type-product","3":"status-publish","4":"has-post-thumbnail","6":"product_cat-esentialwoman","7":"product_cat-familles","9":"first","10":"instock","11":"shipping-taxable","12":"purchasable","13":"product-type-simple"},"acf":[],"_links":{"self":[{"href":"https:\/\/esentialaroms.com\/fr\/wp-json\/wp\/v2\/product\/12645","targetHints":{"allow":["GET"]}}],"collection":[{"href":"https:\/\/esentialaroms.com\/fr\/wp-json\/wp\/v2\/product"}],"about":[{"href":"https:\/\/esentialaroms.com\/fr\/wp-json\/wp\/v2\/types\/product"}],"replies":[{"embeddable":true,"href":"https:\/\/esentialaroms.com\/fr\/wp-json\/wp\/v2\/comments?post=12645"}],"version-history":[{"count":1,"href":"https:\/\/esentialaroms.com\/fr\/wp-json\/wp\/v2\/product\/12645\/revisions"}],"predecessor-version":[{"id":12648,"href":"https:\/\/esentialaroms.com\/fr\/wp-json\/wp\/v2\/product\/12645\/revisions\/12648"}],"wp:featuredmedia":[{"embeddable":true,"href":"https:\/\/esentialaroms.com\/fr\/wp-json\/wp\/v2\/media\/12646"}],"wp:attachment":[{"href":"https:\/\/esentialaroms.com\/fr\/wp-json\/wp\/v2\/media?parent=12645"}],"wp:term":[{"taxonomy":"product_brand","embeddable":true,"href":"https:\/\/esentialaroms.com\/fr\/wp-json\/wp\/v2\/product_brand?post=12645"},{"taxonomy":"product_cat","embeddable":true,"href":"https:\/\/esentialaroms.com\/fr\/wp-json\/wp\/v2\/product_cat?post=12645"},{"taxonomy":"product_tag","embeddable":true,"href":"https:\/\/esentialaroms.com\/fr\/wp-json\/wp\/v2\/product_tag?post=12645"}],"curies":[{"name":"wp","href":"https:\/\/api.w.org\/{rel}","templated":true}]}}