{"id":12615,"date":"2026-05-07T13:05:37","date_gmt":"2026-05-07T11:05:37","guid":{"rendered":"https:\/\/esentialaroms.com\/productos\/extracto-lipidico-de-tepezcohuite-mimosa-tenuiflora-100-ml-2\/"},"modified":"2026-05-07T14:22:13","modified_gmt":"2026-05-07T12:22:13","slug":"extracto-lipidico-de-tepezcohuite-mimosa-tenuiflora-100-ml-2","status":"publish","type":"product","link":"https:\/\/esentialaroms.com\/fr\/productos\/extracto-lipidico-de-tepezcohuite-mimosa-tenuiflora-100-ml-2\/","title":{"rendered":"Extrait lipidique de TEPEZCOHUITE (Mimosa tenuiflora) 100 ml"},"content":{"rendered":"","protected":false},"excerpt":{"rendered":"<div>\u00c9corce de tepezcohuite mac\u00e9r\u00e9e. Il est utilis\u00e9 pour soigner les peaux s\u00e8ches et sensibles. \u00c9galement pour la r\u00e9g\u00e9n\u00e9ration des br\u00fblures superficielles. &nbsp;<\/div>\n","protected":false},"featured_media":12616,"comment_status":"open","ping_status":"closed","template":"","meta":{"_acf_changed":false,"rs_blank_template":"","rs_page_bg_color":"","slide_template_v7":""},"product_brand":[],"product_cat":[307,431],"product_tag":[],"class_list":{"0":"post-12615","1":"product","2":"type-product","3":"status-publish","4":"has-post-thumbnail","6":"product_cat-aromatherapie","7":"product_cat-extraits-de-lipides","9":"first","10":"instock","11":"shipping-taxable","12":"purchasable","13":"product-type-simple"},"acf":[],"_links":{"self":[{"href":"https:\/\/esentialaroms.com\/fr\/wp-json\/wp\/v2\/product\/12615","targetHints":{"allow":["GET"]}}],"collection":[{"href":"https:\/\/esentialaroms.com\/fr\/wp-json\/wp\/v2\/product"}],"about":[{"href":"https:\/\/esentialaroms.com\/fr\/wp-json\/wp\/v2\/types\/product"}],"replies":[{"embeddable":true,"href":"https:\/\/esentialaroms.com\/fr\/wp-json\/wp\/v2\/comments?post=12615"}],"version-history":[{"count":1,"href":"https:\/\/esentialaroms.com\/fr\/wp-json\/wp\/v2\/product\/12615\/revisions"}],"predecessor-version":[{"id":12618,"href":"https:\/\/esentialaroms.com\/fr\/wp-json\/wp\/v2\/product\/12615\/revisions\/12618"}],"wp:featuredmedia":[{"embeddable":true,"href":"https:\/\/esentialaroms.com\/fr\/wp-json\/wp\/v2\/media\/12616"}],"wp:attachment":[{"href":"https:\/\/esentialaroms.com\/fr\/wp-json\/wp\/v2\/media?parent=12615"}],"wp:term":[{"taxonomy":"product_brand","embeddable":true,"href":"https:\/\/esentialaroms.com\/fr\/wp-json\/wp\/v2\/product_brand?post=12615"},{"taxonomy":"product_cat","embeddable":true,"href":"https:\/\/esentialaroms.com\/fr\/wp-json\/wp\/v2\/product_cat?post=12615"},{"taxonomy":"product_tag","embeddable":true,"href":"https:\/\/esentialaroms.com\/fr\/wp-json\/wp\/v2\/product_tag?post=12615"}],"curies":[{"name":"wp","href":"https:\/\/api.w.org\/{rel}","templated":true}]}}