{"id":12585,"date":"2026-05-07T13:05:29","date_gmt":"2026-05-07T11:05:29","guid":{"rendered":"https:\/\/esentialaroms.com\/productos\/extracto-lipidico-de-hiedra-hedera-helix-100-ml-2\/"},"modified":"2026-05-07T14:22:12","modified_gmt":"2026-05-07T12:22:12","slug":"extracto-lipidico-de-hiedra-hedera-helix-100-ml-2","status":"publish","type":"product","link":"https:\/\/esentialaroms.com\/fr\/productos\/extracto-lipidico-de-hiedra-hedera-helix-100-ml-2\/","title":{"rendered":"Extrait lipidique de LIERRE (Hedera helix) 100 ml"},"content":{"rendered":"","protected":false},"excerpt":{"rendered":"<div>Mac\u00e9rat de feuilles de lierre. Utilis\u00e9 pour soulager les jambes lourdes. Apporte apaisement et repos aux jambes, en particulier en \u00e9t\u00e9 ou pour les personnes qui restent debout pendant de longues heures. &nbsp;<\/div>\n","protected":false},"featured_media":12586,"comment_status":"open","ping_status":"closed","template":"","meta":{"_acf_changed":false,"rs_blank_template":"","rs_page_bg_color":"","slide_template_v7":""},"product_brand":[],"product_cat":[307,431],"product_tag":[],"class_list":{"0":"post-12585","1":"product","2":"type-product","3":"status-publish","4":"has-post-thumbnail","6":"product_cat-aromatherapie","7":"product_cat-extraits-de-lipides","9":"first","10":"instock","11":"shipping-taxable","12":"purchasable","13":"product-type-simple"},"acf":[],"_links":{"self":[{"href":"https:\/\/esentialaroms.com\/fr\/wp-json\/wp\/v2\/product\/12585","targetHints":{"allow":["GET"]}}],"collection":[{"href":"https:\/\/esentialaroms.com\/fr\/wp-json\/wp\/v2\/product"}],"about":[{"href":"https:\/\/esentialaroms.com\/fr\/wp-json\/wp\/v2\/types\/product"}],"replies":[{"embeddable":true,"href":"https:\/\/esentialaroms.com\/fr\/wp-json\/wp\/v2\/comments?post=12585"}],"version-history":[{"count":1,"href":"https:\/\/esentialaroms.com\/fr\/wp-json\/wp\/v2\/product\/12585\/revisions"}],"predecessor-version":[{"id":12588,"href":"https:\/\/esentialaroms.com\/fr\/wp-json\/wp\/v2\/product\/12585\/revisions\/12588"}],"wp:featuredmedia":[{"embeddable":true,"href":"https:\/\/esentialaroms.com\/fr\/wp-json\/wp\/v2\/media\/12586"}],"wp:attachment":[{"href":"https:\/\/esentialaroms.com\/fr\/wp-json\/wp\/v2\/media?parent=12585"}],"wp:term":[{"taxonomy":"product_brand","embeddable":true,"href":"https:\/\/esentialaroms.com\/fr\/wp-json\/wp\/v2\/product_brand?post=12585"},{"taxonomy":"product_cat","embeddable":true,"href":"https:\/\/esentialaroms.com\/fr\/wp-json\/wp\/v2\/product_cat?post=12585"},{"taxonomy":"product_tag","embeddable":true,"href":"https:\/\/esentialaroms.com\/fr\/wp-json\/wp\/v2\/product_tag?post=12585"}],"curies":[{"name":"wp","href":"https:\/\/api.w.org\/{rel}","templated":true}]}}