{"id":12540,"date":"2026-05-07T13:05:15","date_gmt":"2026-05-07T11:05:15","guid":{"rendered":"https:\/\/esentialaroms.com\/productos\/extracto-lipidico-de-calendula-calendula-officinalis-bio-100-ml-2\/"},"modified":"2026-05-07T14:22:11","modified_gmt":"2026-05-07T12:22:11","slug":"extracto-lipidico-de-calendula-calendula-officinalis-bio-100-ml-2","status":"publish","type":"product","link":"https:\/\/esentialaroms.com\/fr\/productos\/extracto-lipidico-de-calendula-calendula-officinalis-bio-100-ml-2\/","title":{"rendered":"Extrait lipidique de CALENDULA (Calendula officinalis) BIO 100 ml"},"content":{"rendered":"","protected":false},"excerpt":{"rendered":"<div>Mac\u00e9rat naturel de fleurs de calendula issues de l&rsquo;agriculture biologique. Utilis\u00e9 pour hydrater et soigner les peaux sensibles et sujettes aux rougeurs. Peut \u00e9galement \u00eatre utilis\u00e9 pour le soin des fesses de b\u00e9b\u00e9. &nbsp;<\/div>\n","protected":false},"featured_media":12541,"comment_status":"open","ping_status":"closed","template":"","meta":{"_acf_changed":false,"rs_blank_template":"","rs_page_bg_color":"","slide_template_v7":""},"product_brand":[],"product_cat":[307,533,340,431,529,503,506,361,355],"product_tag":[],"class_list":{"0":"post-12540","1":"product","2":"type-product","3":"status-publish","4":"has-post-thumbnail","6":"product_cat-aromatherapie","7":"product_cat-bebe","8":"product_cat-besoins","9":"product_cat-extraits-de-lipides","10":"product_cat-mama-baby","11":"product_cat-physique","12":"product_cat-soins-corporels","13":"product_cat-type-de-peau","14":"product_cat-visage","16":"first","17":"instock","18":"shipping-taxable","19":"purchasable","20":"product-type-simple"},"acf":[],"_links":{"self":[{"href":"https:\/\/esentialaroms.com\/fr\/wp-json\/wp\/v2\/product\/12540","targetHints":{"allow":["GET"]}}],"collection":[{"href":"https:\/\/esentialaroms.com\/fr\/wp-json\/wp\/v2\/product"}],"about":[{"href":"https:\/\/esentialaroms.com\/fr\/wp-json\/wp\/v2\/types\/product"}],"replies":[{"embeddable":true,"href":"https:\/\/esentialaroms.com\/fr\/wp-json\/wp\/v2\/comments?post=12540"}],"version-history":[{"count":1,"href":"https:\/\/esentialaroms.com\/fr\/wp-json\/wp\/v2\/product\/12540\/revisions"}],"predecessor-version":[{"id":12543,"href":"https:\/\/esentialaroms.com\/fr\/wp-json\/wp\/v2\/product\/12540\/revisions\/12543"}],"wp:featuredmedia":[{"embeddable":true,"href":"https:\/\/esentialaroms.com\/fr\/wp-json\/wp\/v2\/media\/12541"}],"wp:attachment":[{"href":"https:\/\/esentialaroms.com\/fr\/wp-json\/wp\/v2\/media?parent=12540"}],"wp:term":[{"taxonomy":"product_brand","embeddable":true,"href":"https:\/\/esentialaroms.com\/fr\/wp-json\/wp\/v2\/product_brand?post=12540"},{"taxonomy":"product_cat","embeddable":true,"href":"https:\/\/esentialaroms.com\/fr\/wp-json\/wp\/v2\/product_cat?post=12540"},{"taxonomy":"product_tag","embeddable":true,"href":"https:\/\/esentialaroms.com\/fr\/wp-json\/wp\/v2\/product_tag?post=12540"}],"curies":[{"name":"wp","href":"https:\/\/api.w.org\/{rel}","templated":true}]}}