{"id":12510,"date":"2026-05-07T13:05:07","date_gmt":"2026-05-07T11:05:07","guid":{"rendered":"https:\/\/esentialaroms.com\/productos\/extracto-lipidico-de-hiperico-hypericum-perforatum-bio-100-ml-2\/"},"modified":"2026-05-07T14:22:10","modified_gmt":"2026-05-07T12:22:10","slug":"extracto-lipidico-de-hiperico-hypericum-perforatum-bio-100-ml-2","status":"publish","type":"product","link":"https:\/\/esentialaroms.com\/fr\/productos\/extracto-lipidico-de-hiperico-hypericum-perforatum-bio-100-ml-2\/","title":{"rendered":"Extrait lipidique de MILLEPERTUIS (Hypericum perforatum) BIO 100 ml"},"content":{"rendered":"","protected":false},"excerpt":{"rendered":"<div>Mac\u00e9ration naturelle de fleurs de millepertuis provenant de l\u2019agriculture biologique. Elle est utilis\u00e9e pour hydrater et r\u00e9g\u00e9n\u00e9rer la peau, comme anti-rides et pour le soin des marques et des cicatrices. \u00c9viter l\u2019exposition au soleil apr\u00e8s application en raison de ses propri\u00e9t\u00e9s photosensibilisantes. \u00c0 utiliser de pr\u00e9f\u00e9rence le soir. &nbsp;<\/div>\n","protected":false},"featured_media":12511,"comment_status":"open","ping_status":"closed","template":"","meta":{"_acf_changed":false,"rs_blank_template":"","rs_page_bg_color":"","slide_template_v7":""},"product_brand":[],"product_cat":[307,431],"product_tag":[],"class_list":{"0":"post-12510","1":"product","2":"type-product","3":"status-publish","4":"has-post-thumbnail","6":"product_cat-aromatherapie","7":"product_cat-extraits-de-lipides","9":"first","10":"instock","11":"shipping-taxable","12":"purchasable","13":"product-type-simple"},"acf":[],"_links":{"self":[{"href":"https:\/\/esentialaroms.com\/fr\/wp-json\/wp\/v2\/product\/12510","targetHints":{"allow":["GET"]}}],"collection":[{"href":"https:\/\/esentialaroms.com\/fr\/wp-json\/wp\/v2\/product"}],"about":[{"href":"https:\/\/esentialaroms.com\/fr\/wp-json\/wp\/v2\/types\/product"}],"replies":[{"embeddable":true,"href":"https:\/\/esentialaroms.com\/fr\/wp-json\/wp\/v2\/comments?post=12510"}],"version-history":[{"count":1,"href":"https:\/\/esentialaroms.com\/fr\/wp-json\/wp\/v2\/product\/12510\/revisions"}],"predecessor-version":[{"id":12513,"href":"https:\/\/esentialaroms.com\/fr\/wp-json\/wp\/v2\/product\/12510\/revisions\/12513"}],"wp:featuredmedia":[{"embeddable":true,"href":"https:\/\/esentialaroms.com\/fr\/wp-json\/wp\/v2\/media\/12511"}],"wp:attachment":[{"href":"https:\/\/esentialaroms.com\/fr\/wp-json\/wp\/v2\/media?parent=12510"}],"wp:term":[{"taxonomy":"product_brand","embeddable":true,"href":"https:\/\/esentialaroms.com\/fr\/wp-json\/wp\/v2\/product_brand?post=12510"},{"taxonomy":"product_cat","embeddable":true,"href":"https:\/\/esentialaroms.com\/fr\/wp-json\/wp\/v2\/product_cat?post=12510"},{"taxonomy":"product_tag","embeddable":true,"href":"https:\/\/esentialaroms.com\/fr\/wp-json\/wp\/v2\/product_tag?post=12510"}],"curies":[{"name":"wp","href":"https:\/\/api.w.org\/{rel}","templated":true}]}}