{"id":12497,"date":"2026-05-07T13:05:04","date_gmt":"2026-05-07T11:05:04","guid":{"rendered":"https:\/\/esentialaroms.com\/productos\/extracto-lipidico-de-flor-de-lys-lilium-candidum-500-ml-2\/"},"modified":"2026-05-07T14:22:10","modified_gmt":"2026-05-07T12:22:10","slug":"extracto-lipidico-de-flor-de-lys-lilium-candidum-500-ml-2","status":"publish","type":"product","link":"https:\/\/esentialaroms.com\/fr\/productos\/extracto-lipidico-de-flor-de-lys-lilium-candidum-500-ml-2\/","title":{"rendered":"Extrait lipidique de FLEUR DE LYS (Lilium candidum) 500 ml"},"content":{"rendered":"","protected":false},"excerpt":{"rendered":"<div>Mac\u00e9rat de fleurs de lys. Utilis\u00e9 pour pr\u00e9venir les taches cutan\u00e9es et prendre soin des peaux sensibles et sujettes aux rougeurs. &nbsp;<\/div>\n","protected":false},"featured_media":12498,"comment_status":"open","ping_status":"closed","template":"","meta":{"_acf_changed":false,"rs_blank_template":"","rs_page_bg_color":"","slide_template_v7":""},"product_brand":[],"product_cat":[307,431],"product_tag":[],"class_list":{"0":"post-12497","1":"product","2":"type-product","3":"status-publish","4":"has-post-thumbnail","6":"product_cat-aromatherapie","7":"product_cat-extraits-de-lipides","9":"first","10":"instock","11":"shipping-taxable","12":"purchasable","13":"product-type-simple"},"acf":[],"_links":{"self":[{"href":"https:\/\/esentialaroms.com\/fr\/wp-json\/wp\/v2\/product\/12497","targetHints":{"allow":["GET"]}}],"collection":[{"href":"https:\/\/esentialaroms.com\/fr\/wp-json\/wp\/v2\/product"}],"about":[{"href":"https:\/\/esentialaroms.com\/fr\/wp-json\/wp\/v2\/types\/product"}],"replies":[{"embeddable":true,"href":"https:\/\/esentialaroms.com\/fr\/wp-json\/wp\/v2\/comments?post=12497"}],"version-history":[{"count":1,"href":"https:\/\/esentialaroms.com\/fr\/wp-json\/wp\/v2\/product\/12497\/revisions"}],"predecessor-version":[{"id":12499,"href":"https:\/\/esentialaroms.com\/fr\/wp-json\/wp\/v2\/product\/12497\/revisions\/12499"}],"wp:featuredmedia":[{"embeddable":true,"href":"https:\/\/esentialaroms.com\/fr\/wp-json\/wp\/v2\/media\/12498"}],"wp:attachment":[{"href":"https:\/\/esentialaroms.com\/fr\/wp-json\/wp\/v2\/media?parent=12497"}],"wp:term":[{"taxonomy":"product_brand","embeddable":true,"href":"https:\/\/esentialaroms.com\/fr\/wp-json\/wp\/v2\/product_brand?post=12497"},{"taxonomy":"product_cat","embeddable":true,"href":"https:\/\/esentialaroms.com\/fr\/wp-json\/wp\/v2\/product_cat?post=12497"},{"taxonomy":"product_tag","embeddable":true,"href":"https:\/\/esentialaroms.com\/fr\/wp-json\/wp\/v2\/product_tag?post=12497"}],"curies":[{"name":"wp","href":"https:\/\/api.w.org\/{rel}","templated":true}]}}