{"id":12475,"date":"2026-05-07T13:04:59","date_gmt":"2026-05-07T11:04:59","guid":{"rendered":"https:\/\/esentialaroms.com\/productos\/extracto-lipidico-de-centella-asiatica-centella-asiatica-500-ml-2\/"},"modified":"2026-05-07T14:22:10","modified_gmt":"2026-05-07T12:22:10","slug":"extracto-lipidico-de-centella-asiatica-centella-asiatica-500-ml-2","status":"publish","type":"product","link":"https:\/\/esentialaroms.com\/fr\/productos\/extracto-lipidico-de-centella-asiatica-centella-asiatica-500-ml-2\/","title":{"rendered":"Extrait lipidique de CENTELLA ASIATICA (Centella asiatica) 500 ml"},"content":{"rendered":"","protected":false},"excerpt":{"rendered":"<div>Mac\u00e9ration naturelle de centella asiatica. Gr\u00e2ce \u00e0 ses propri\u00e9t\u00e9s raffermissantes, tenseurs et r\u00e9g\u00e9n\u00e9ratrices, elle est utilis\u00e9e pour le soin de la flaccidit\u00e9 cutan\u00e9e, aussi bien au niveau corporel que facial. &nbsp;<\/div>\n","protected":false},"featured_media":12476,"comment_status":"open","ping_status":"closed","template":"","meta":{"_acf_changed":false,"rs_blank_template":"","rs_page_bg_color":"","slide_template_v7":""},"product_brand":[],"product_cat":[307,431],"product_tag":[],"class_list":{"0":"post-12475","1":"product","2":"type-product","3":"status-publish","4":"has-post-thumbnail","6":"product_cat-aromatherapie","7":"product_cat-extraits-de-lipides","9":"first","10":"instock","11":"shipping-taxable","12":"purchasable","13":"product-type-simple"},"acf":[],"_links":{"self":[{"href":"https:\/\/esentialaroms.com\/fr\/wp-json\/wp\/v2\/product\/12475","targetHints":{"allow":["GET"]}}],"collection":[{"href":"https:\/\/esentialaroms.com\/fr\/wp-json\/wp\/v2\/product"}],"about":[{"href":"https:\/\/esentialaroms.com\/fr\/wp-json\/wp\/v2\/types\/product"}],"replies":[{"embeddable":true,"href":"https:\/\/esentialaroms.com\/fr\/wp-json\/wp\/v2\/comments?post=12475"}],"version-history":[{"count":1,"href":"https:\/\/esentialaroms.com\/fr\/wp-json\/wp\/v2\/product\/12475\/revisions"}],"predecessor-version":[{"id":12477,"href":"https:\/\/esentialaroms.com\/fr\/wp-json\/wp\/v2\/product\/12475\/revisions\/12477"}],"wp:featuredmedia":[{"embeddable":true,"href":"https:\/\/esentialaroms.com\/fr\/wp-json\/wp\/v2\/media\/12476"}],"wp:attachment":[{"href":"https:\/\/esentialaroms.com\/fr\/wp-json\/wp\/v2\/media?parent=12475"}],"wp:term":[{"taxonomy":"product_brand","embeddable":true,"href":"https:\/\/esentialaroms.com\/fr\/wp-json\/wp\/v2\/product_brand?post=12475"},{"taxonomy":"product_cat","embeddable":true,"href":"https:\/\/esentialaroms.com\/fr\/wp-json\/wp\/v2\/product_cat?post=12475"},{"taxonomy":"product_tag","embeddable":true,"href":"https:\/\/esentialaroms.com\/fr\/wp-json\/wp\/v2\/product_tag?post=12475"}],"curies":[{"name":"wp","href":"https:\/\/api.w.org\/{rel}","templated":true}]}}