{"id":12455,"date":"2026-05-07T12:57:18","date_gmt":"2026-05-07T10:57:18","guid":{"rendered":"https:\/\/esentialaroms.com\/productos\/extracto-lipidico-de-fucus-fucus-vesiculosus-500-ml-2\/"},"modified":"2026-05-07T14:22:09","modified_gmt":"2026-05-07T12:22:09","slug":"extracto-lipidico-de-fucus-fucus-vesiculosus-500-ml-2","status":"publish","type":"product","link":"https:\/\/esentialaroms.com\/fr\/productos\/extracto-lipidico-de-fucus-fucus-vesiculosus-500-ml-2\/","title":{"rendered":"Extrait lipidique de FUCUS (Fucus vesiculosus) 500 ml"},"content":{"rendered":"","protected":false},"excerpt":{"rendered":"<div>Mac\u00e9rat naturel d&rsquo;algues fucus. Gr\u00e2ce \u00e0 sa richesse en oligo-\u00e9l\u00e9ments, il est utilis\u00e9 pour hydrater et remin\u00e9raliser la peau. Id\u00e9al pour le soin de la peau d&rsquo;orange. &nbsp;<\/div>\n","protected":false},"featured_media":12456,"comment_status":"open","ping_status":"closed","template":"","meta":{"_acf_changed":false,"rs_blank_template":"","rs_page_bg_color":"","slide_template_v7":""},"product_brand":[],"product_cat":[307,431],"product_tag":[],"class_list":{"0":"post-12455","1":"product","2":"type-product","3":"status-publish","4":"has-post-thumbnail","6":"product_cat-aromatherapie","7":"product_cat-extraits-de-lipides","9":"first","10":"instock","11":"shipping-taxable","12":"purchasable","13":"product-type-simple"},"acf":[],"_links":{"self":[{"href":"https:\/\/esentialaroms.com\/fr\/wp-json\/wp\/v2\/product\/12455","targetHints":{"allow":["GET"]}}],"collection":[{"href":"https:\/\/esentialaroms.com\/fr\/wp-json\/wp\/v2\/product"}],"about":[{"href":"https:\/\/esentialaroms.com\/fr\/wp-json\/wp\/v2\/types\/product"}],"replies":[{"embeddable":true,"href":"https:\/\/esentialaroms.com\/fr\/wp-json\/wp\/v2\/comments?post=12455"}],"version-history":[{"count":1,"href":"https:\/\/esentialaroms.com\/fr\/wp-json\/wp\/v2\/product\/12455\/revisions"}],"predecessor-version":[{"id":12457,"href":"https:\/\/esentialaroms.com\/fr\/wp-json\/wp\/v2\/product\/12455\/revisions\/12457"}],"wp:featuredmedia":[{"embeddable":true,"href":"https:\/\/esentialaroms.com\/fr\/wp-json\/wp\/v2\/media\/12456"}],"wp:attachment":[{"href":"https:\/\/esentialaroms.com\/fr\/wp-json\/wp\/v2\/media?parent=12455"}],"wp:term":[{"taxonomy":"product_brand","embeddable":true,"href":"https:\/\/esentialaroms.com\/fr\/wp-json\/wp\/v2\/product_brand?post=12455"},{"taxonomy":"product_cat","embeddable":true,"href":"https:\/\/esentialaroms.com\/fr\/wp-json\/wp\/v2\/product_cat?post=12455"},{"taxonomy":"product_tag","embeddable":true,"href":"https:\/\/esentialaroms.com\/fr\/wp-json\/wp\/v2\/product_tag?post=12455"}],"curies":[{"name":"wp","href":"https:\/\/api.w.org\/{rel}","templated":true}]}}