{"id":12422,"date":"2026-05-07T12:57:09","date_gmt":"2026-05-07T10:57:09","guid":{"rendered":"https:\/\/esentialaroms.com\/productos\/extracto-lipidico-de-zanahoria-daucus-carota-500-ml-2\/"},"modified":"2026-05-07T14:22:08","modified_gmt":"2026-05-07T12:22:08","slug":"extracto-lipidico-de-zanahoria-daucus-carota-500-ml-2","status":"publish","type":"product","link":"https:\/\/esentialaroms.com\/fr\/productos\/extracto-lipidico-de-zanahoria-daucus-carota-500-ml-2\/","title":{"rendered":"Extrait lipidique de CAROTTE (Daucus carota) 500 ml"},"content":{"rendered":"","protected":false},"excerpt":{"rendered":"<div>Mac\u00e9rat de racine de carotte douce. Gr\u00e2ce \u00e0 sa teneur \u00e9lev\u00e9e en provitamine A naturelle, il aide \u00e0 pr\u00e9parer la peau au bronzage et lui apporte de la vitalit\u00e9. Pour obtenir un bronzage uniforme, appliquer quotidiennement 1 mois avant l&rsquo;exposition au soleil. &nbsp;<\/div>\n","protected":false},"featured_media":12423,"comment_status":"open","ping_status":"closed","template":"","meta":{"_acf_changed":false,"rs_blank_template":"","rs_page_bg_color":"","slide_template_v7":""},"product_brand":[],"product_cat":[307,431],"product_tag":[],"class_list":{"0":"post-12422","1":"product","2":"type-product","3":"status-publish","4":"has-post-thumbnail","6":"product_cat-aromatherapie","7":"product_cat-extraits-de-lipides","9":"first","10":"instock","11":"shipping-taxable","12":"purchasable","13":"product-type-simple"},"acf":[],"_links":{"self":[{"href":"https:\/\/esentialaroms.com\/fr\/wp-json\/wp\/v2\/product\/12422","targetHints":{"allow":["GET"]}}],"collection":[{"href":"https:\/\/esentialaroms.com\/fr\/wp-json\/wp\/v2\/product"}],"about":[{"href":"https:\/\/esentialaroms.com\/fr\/wp-json\/wp\/v2\/types\/product"}],"replies":[{"embeddable":true,"href":"https:\/\/esentialaroms.com\/fr\/wp-json\/wp\/v2\/comments?post=12422"}],"version-history":[{"count":1,"href":"https:\/\/esentialaroms.com\/fr\/wp-json\/wp\/v2\/product\/12422\/revisions"}],"predecessor-version":[{"id":12424,"href":"https:\/\/esentialaroms.com\/fr\/wp-json\/wp\/v2\/product\/12422\/revisions\/12424"}],"wp:featuredmedia":[{"embeddable":true,"href":"https:\/\/esentialaroms.com\/fr\/wp-json\/wp\/v2\/media\/12423"}],"wp:attachment":[{"href":"https:\/\/esentialaroms.com\/fr\/wp-json\/wp\/v2\/media?parent=12422"}],"wp:term":[{"taxonomy":"product_brand","embeddable":true,"href":"https:\/\/esentialaroms.com\/fr\/wp-json\/wp\/v2\/product_brand?post=12422"},{"taxonomy":"product_cat","embeddable":true,"href":"https:\/\/esentialaroms.com\/fr\/wp-json\/wp\/v2\/product_cat?post=12422"},{"taxonomy":"product_tag","embeddable":true,"href":"https:\/\/esentialaroms.com\/fr\/wp-json\/wp\/v2\/product_tag?post=12422"}],"curies":[{"name":"wp","href":"https:\/\/api.w.org\/{rel}","templated":true}]}}