{"id":12398,"date":"2026-05-07T12:57:02","date_gmt":"2026-05-07T10:57:02","guid":{"rendered":"https:\/\/esentialaroms.com\/productos\/aceite-vegetal-virgen-de-neem-melia-azadirachta-100-ml-2\/"},"modified":"2026-05-07T14:22:08","modified_gmt":"2026-05-07T12:22:08","slug":"aceite-vegetal-virgen-de-neem-melia-azadirachta-100-ml-2","status":"publish","type":"product","link":"https:\/\/esentialaroms.com\/fr\/productos\/aceite-vegetal-virgen-de-neem-melia-azadirachta-100-ml-2\/","title":{"rendered":"Huile v\u00e9g\u00e9tale vierge de NEEM (Melia azadirachta) 100 ml"},"content":{"rendered":"","protected":false},"excerpt":{"rendered":"<div>L\u2019huile de neem contient des acides gras, des antioxydants et des compos\u00e9s purifiants pour la peau, qui peuvent b\u00e9n\u00e9ficier \u00e0 la peau de diverses mani\u00e8res. La recherche montre que ces compos\u00e9s peuvent aider \u00e0 combattre les infections cutan\u00e9es et favoriser la r\u00e9g\u00e9n\u00e9ration. &nbsp;<\/div>\n","protected":false},"featured_media":12399,"comment_status":"open","ping_status":"closed","template":"","meta":{"_acf_changed":false,"rs_blank_template":"","rs_page_bg_color":"","slide_template_v7":""},"product_brand":[],"product_cat":[307,340,310,509,512,503],"product_tag":[],"class_list":{"0":"post-12398","1":"product","2":"type-product","3":"status-publish","4":"has-post-thumbnail","6":"product_cat-aromatherapie","7":"product_cat-besoins","8":"product_cat-huiles-vegetales","9":"product_cat-hygiene","10":"product_cat-jambes-et-pieds","11":"product_cat-physique","13":"first","14":"instock","15":"shipping-taxable","16":"purchasable","17":"product-type-simple"},"acf":[],"_links":{"self":[{"href":"https:\/\/esentialaroms.com\/fr\/wp-json\/wp\/v2\/product\/12398","targetHints":{"allow":["GET"]}}],"collection":[{"href":"https:\/\/esentialaroms.com\/fr\/wp-json\/wp\/v2\/product"}],"about":[{"href":"https:\/\/esentialaroms.com\/fr\/wp-json\/wp\/v2\/types\/product"}],"replies":[{"embeddable":true,"href":"https:\/\/esentialaroms.com\/fr\/wp-json\/wp\/v2\/comments?post=12398"}],"version-history":[{"count":1,"href":"https:\/\/esentialaroms.com\/fr\/wp-json\/wp\/v2\/product\/12398\/revisions"}],"predecessor-version":[{"id":12401,"href":"https:\/\/esentialaroms.com\/fr\/wp-json\/wp\/v2\/product\/12398\/revisions\/12401"}],"wp:featuredmedia":[{"embeddable":true,"href":"https:\/\/esentialaroms.com\/fr\/wp-json\/wp\/v2\/media\/12399"}],"wp:attachment":[{"href":"https:\/\/esentialaroms.com\/fr\/wp-json\/wp\/v2\/media?parent=12398"}],"wp:term":[{"taxonomy":"product_brand","embeddable":true,"href":"https:\/\/esentialaroms.com\/fr\/wp-json\/wp\/v2\/product_brand?post=12398"},{"taxonomy":"product_cat","embeddable":true,"href":"https:\/\/esentialaroms.com\/fr\/wp-json\/wp\/v2\/product_cat?post=12398"},{"taxonomy":"product_tag","embeddable":true,"href":"https:\/\/esentialaroms.com\/fr\/wp-json\/wp\/v2\/product_tag?post=12398"}],"curies":[{"name":"wp","href":"https:\/\/api.w.org\/{rel}","templated":true}]}}