{"id":12357,"date":"2026-05-07T12:56:51","date_gmt":"2026-05-07T10:56:51","guid":{"rendered":"https:\/\/esentialaroms.com\/productos\/aceite-seco-synergy-2\/"},"modified":"2026-05-07T14:22:07","modified_gmt":"2026-05-07T12:22:07","slug":"aceite-seco-synergy-2","status":"publish","type":"product","link":"https:\/\/esentialaroms.com\/fr\/productos\/aceite-seco-synergy-2\/","title":{"rendered":"Huile s\u00e8che SYNERGY"},"content":{"rendered":"","protected":false},"excerpt":{"rendered":"<div>Huile s\u00e8che r\u00e9g\u00e9n\u00e9rante formul\u00e9e pour assurer une absorption rapide par la peau sans laisser de r\u00e9sidus gras. Elle apporte les propri\u00e9t\u00e9s r\u00e9g\u00e9n\u00e9rantes et antioxydantes des huiles de rose musqu\u00e9e, d&rsquo;argan et de p\u00e9pins de raisin rouge. &nbsp;<\/div>\n","protected":false},"featured_media":12358,"comment_status":"open","ping_status":"closed","template":"","meta":{"_acf_changed":false,"rs_blank_template":"","rs_page_bg_color":"","slide_template_v7":""},"product_brand":[],"product_cat":[340,322,503,506,490],"product_tag":[],"class_list":{"0":"post-12357","1":"product","2":"type-product","3":"status-publish","4":"has-post-thumbnail","6":"product_cat-besoins","7":"product_cat-familles","8":"product_cat-physique","9":"product_cat-soins-corporels","10":"product_cat-synergy","12":"first","13":"instock","14":"shipping-taxable","15":"purchasable","16":"product-type-simple"},"acf":[],"_links":{"self":[{"href":"https:\/\/esentialaroms.com\/fr\/wp-json\/wp\/v2\/product\/12357","targetHints":{"allow":["GET"]}}],"collection":[{"href":"https:\/\/esentialaroms.com\/fr\/wp-json\/wp\/v2\/product"}],"about":[{"href":"https:\/\/esentialaroms.com\/fr\/wp-json\/wp\/v2\/types\/product"}],"replies":[{"embeddable":true,"href":"https:\/\/esentialaroms.com\/fr\/wp-json\/wp\/v2\/comments?post=12357"}],"version-history":[{"count":1,"href":"https:\/\/esentialaroms.com\/fr\/wp-json\/wp\/v2\/product\/12357\/revisions"}],"predecessor-version":[{"id":12360,"href":"https:\/\/esentialaroms.com\/fr\/wp-json\/wp\/v2\/product\/12357\/revisions\/12360"}],"wp:featuredmedia":[{"embeddable":true,"href":"https:\/\/esentialaroms.com\/fr\/wp-json\/wp\/v2\/media\/12358"}],"wp:attachment":[{"href":"https:\/\/esentialaroms.com\/fr\/wp-json\/wp\/v2\/media?parent=12357"}],"wp:term":[{"taxonomy":"product_brand","embeddable":true,"href":"https:\/\/esentialaroms.com\/fr\/wp-json\/wp\/v2\/product_brand?post=12357"},{"taxonomy":"product_cat","embeddable":true,"href":"https:\/\/esentialaroms.com\/fr\/wp-json\/wp\/v2\/product_cat?post=12357"},{"taxonomy":"product_tag","embeddable":true,"href":"https:\/\/esentialaroms.com\/fr\/wp-json\/wp\/v2\/product_tag?post=12357"}],"curies":[{"name":"wp","href":"https:\/\/api.w.org\/{rel}","templated":true}]}}